{"id":136138,"date":"2023-01-07T13:10:59","date_gmt":"2023-01-07T13:10:59","guid":{"rendered":"https:\/\/restatrade.ee\/product\/tableware-set-bellino-20-pcs\/"},"modified":"2025-02-16T21:22:09","modified_gmt":"2025-02-16T21:22:09","slug":"tableware-set-bellino-20-pcs","status":"publish","type":"product","link":"https:\/\/www.restatrade.ee\/en\/product\/tableware-set-bellino-20-pcs\/","title":{"rendered":"Tableware set Bellino 20 pcs."},"content":{"rendered":"<p>The set consists of four coffee cups 0.22 l, coffee cup saucers \u00d8 15 cm, plates flat \u00d8 21 cm and 27 cm and plates deep \u00d8 20 cm each. White tableware with a decorative black rim. Material: Porcelain. Dishwasher safe and microwaveable.<\/p>\n","protected":false},"excerpt":{"rendered":"<p>The set consists of four coffee cups 0.22 l, coffee cup saucers \u00d8 15 cm, plates flat \u00d8 21 cm and 27 cm and plates deep \u00d8 20 cm each. White tableware with a decorative black rim. Material: Porcelain. Dishwasher safe and microwaveable.<\/p>\n","protected":false},"featured_media":73494,"comment_status":"closed","ping_status":"closed","template":"","meta":{"_acf_changed":false},"product_brand":[],"product_cat":[13077,13607],"product_tag":[],"class_list":{"0":"post-136138","1":"product","2":"type-product","3":"status-publish","4":"has-post-thumbnail","6":"product_cat-porcelain","7":"product_cat-tableware-sets-porcelain","8":"pa_color-white-black","9":"entry","11":"first","12":"instock","13":"taxable","14":"shipping-taxable","15":"purchasable","16":"product-type-variable","17":"has-default-attributes"},"acf":[],"yoast_head":"<!-- This site is optimized with the Yoast SEO plugin v27.0 - https:\/\/yoast.com\/product\/yoast-seo-wordpress\/ -->\n<title>Tableware set Bellino 20 pcs. - Restatrade<\/title>\n<meta name=\"robots\" content=\"index, follow, max-snippet:-1, max-image-preview:large, max-video-preview:-1\" \/>\n<link rel=\"canonical\" href=\"https:\/\/www.restatrade.ee\/en\/product\/tableware-set-bellino-20-pcs\/\" \/>\n<meta name=\"twitter:card\" content=\"summary_large_image\" \/>\n<meta name=\"twitter:title\" content=\"Tableware set Bellino 20 pcs. - Restatrade\" \/>\n<meta name=\"twitter:description\" content=\"The set consists of four coffee cups 0.22 l, coffee cup saucers \u00d8 15 cm, plates flat \u00d8 21 cm and 27 cm and plates deep \u00d8 20 cm each. White tableware with a decorative black rim. Material: Porcelain. Dishwasher safe and microwaveable.\" \/>\n<meta name=\"twitter:image\" content=\"https:\/\/www.restatrade.ee\/wp-content\/uploads\/2022\/09\/1034f4631abb932d216013506f9f16a2.jpeg\" \/>\n<script type=\"application\/ld+json\" class=\"yoast-schema-graph\">{\"@context\":\"https:\/\/schema.org\",\"@graph\":[{\"@type\":\"WebPage\",\"@id\":\"https:\/\/www.restatrade.ee\/en\/product\/tableware-set-bellino-20-pcs\/\",\"url\":\"https:\/\/www.restatrade.ee\/en\/product\/tableware-set-bellino-20-pcs\/\",\"name\":\"Tableware set Bellino 20 pcs. - Restatrade\",\"isPartOf\":{\"@id\":\"https:\/\/www.restatrade.ee\/#website\"},\"primaryImageOfPage\":{\"@id\":\"https:\/\/www.restatrade.ee\/en\/product\/tableware-set-bellino-20-pcs\/#primaryimage\"},\"image\":{\"@id\":\"https:\/\/www.restatrade.ee\/en\/product\/tableware-set-bellino-20-pcs\/#primaryimage\"},\"thumbnailUrl\":\"https:\/\/www.restatrade.ee\/wp-content\/uploads\/2022\/09\/1034f4631abb932d216013506f9f16a2.jpeg\",\"datePublished\":\"2023-01-07T13:10:59+00:00\",\"dateModified\":\"2025-02-16T21:22:09+00:00\",\"breadcrumb\":{\"@id\":\"https:\/\/www.restatrade.ee\/en\/product\/tableware-set-bellino-20-pcs\/#breadcrumb\"},\"inLanguage\":\"en-US\",\"potentialAction\":[{\"@type\":\"ReadAction\",\"target\":[\"https:\/\/www.restatrade.ee\/en\/product\/tableware-set-bellino-20-pcs\/\"]}]},{\"@type\":\"ImageObject\",\"inLanguage\":\"en-US\",\"@id\":\"https:\/\/www.restatrade.ee\/en\/product\/tableware-set-bellino-20-pcs\/#primaryimage\",\"url\":\"https:\/\/www.restatrade.ee\/wp-content\/uploads\/2022\/09\/1034f4631abb932d216013506f9f16a2.jpeg\",\"contentUrl\":\"https:\/\/www.restatrade.ee\/wp-content\/uploads\/2022\/09\/1034f4631abb932d216013506f9f16a2.jpeg\",\"width\":1500,\"height\":1000},{\"@type\":\"BreadcrumbList\",\"@id\":\"https:\/\/www.restatrade.ee\/en\/product\/tableware-set-bellino-20-pcs\/#breadcrumb\",\"itemListElement\":[{\"@type\":\"ListItem\",\"position\":1,\"name\":\"Home\",\"item\":\"https:\/\/www.restatrade.ee\/en\/\"},{\"@type\":\"ListItem\",\"position\":2,\"name\":\"Shop\",\"item\":\"https:\/\/www.restatrade.ee\/en\/shop\/\"},{\"@type\":\"ListItem\",\"position\":3,\"name\":\"Tableware set Bellino 20 pcs.\"}]},{\"@type\":\"WebSite\",\"@id\":\"https:\/\/www.restatrade.ee\/#website\",\"url\":\"https:\/\/www.restatrade.ee\/\",\"name\":\"Restatrade\",\"description\":\"30 aastat HoReCa sektori k\u00f6\u00f6kide ja saalide varustamist\",\"publisher\":{\"@id\":\"https:\/\/www.restatrade.ee\/#organization\"},\"potentialAction\":[{\"@type\":\"SearchAction\",\"target\":{\"@type\":\"EntryPoint\",\"urlTemplate\":\"https:\/\/www.restatrade.ee\/?s={search_term_string}\"},\"query-input\":{\"@type\":\"PropertyValueSpecification\",\"valueRequired\":true,\"valueName\":\"search_term_string\"}}],\"inLanguage\":\"en-US\"},{\"@type\":\"Organization\",\"@id\":\"https:\/\/www.restatrade.ee\/#organization\",\"name\":\"Restatrade\",\"url\":\"https:\/\/www.restatrade.ee\/\",\"logo\":{\"@type\":\"ImageObject\",\"inLanguage\":\"en-US\",\"@id\":\"https:\/\/www.restatrade.ee\/#\/schema\/logo\/image\/\",\"url\":\"https:\/\/www.restatrade.ee\/wp-content\/uploads\/2022\/08\/logo.svg\",\"contentUrl\":\"https:\/\/www.restatrade.ee\/wp-content\/uploads\/2022\/08\/logo.svg\",\"caption\":\"Restatrade\"},\"image\":{\"@id\":\"https:\/\/www.restatrade.ee\/#\/schema\/logo\/image\/\"}}]}<\/script>\n<!-- \/ Yoast SEO plugin. -->","yoast_head_json":{"title":"Tableware set Bellino 20 pcs. - Restatrade","robots":{"index":"index","follow":"follow","max-snippet":"max-snippet:-1","max-image-preview":"max-image-preview:large","max-video-preview":"max-video-preview:-1"},"canonical":"https:\/\/www.restatrade.ee\/en\/product\/tableware-set-bellino-20-pcs\/","twitter_card":"summary_large_image","twitter_title":"Tableware set Bellino 20 pcs. - Restatrade","twitter_description":"The set consists of four coffee cups 0.22 l, coffee cup saucers \u00d8 15 cm, plates flat \u00d8 21 cm and 27 cm and plates deep \u00d8 20 cm each. White tableware with a decorative black rim. Material: Porcelain. Dishwasher safe and microwaveable.","twitter_image":"https:\/\/www.restatrade.ee\/wp-content\/uploads\/2022\/09\/1034f4631abb932d216013506f9f16a2.jpeg","schema":{"@context":"https:\/\/schema.org","@graph":[{"@type":"WebPage","@id":"https:\/\/www.restatrade.ee\/en\/product\/tableware-set-bellino-20-pcs\/","url":"https:\/\/www.restatrade.ee\/en\/product\/tableware-set-bellino-20-pcs\/","name":"Tableware set Bellino 20 pcs. - Restatrade","isPartOf":{"@id":"https:\/\/www.restatrade.ee\/#website"},"primaryImageOfPage":{"@id":"https:\/\/www.restatrade.ee\/en\/product\/tableware-set-bellino-20-pcs\/#primaryimage"},"image":{"@id":"https:\/\/www.restatrade.ee\/en\/product\/tableware-set-bellino-20-pcs\/#primaryimage"},"thumbnailUrl":"https:\/\/www.restatrade.ee\/wp-content\/uploads\/2022\/09\/1034f4631abb932d216013506f9f16a2.jpeg","datePublished":"2023-01-07T13:10:59+00:00","dateModified":"2025-02-16T21:22:09+00:00","breadcrumb":{"@id":"https:\/\/www.restatrade.ee\/en\/product\/tableware-set-bellino-20-pcs\/#breadcrumb"},"inLanguage":"en-US","potentialAction":[{"@type":"ReadAction","target":["https:\/\/www.restatrade.ee\/en\/product\/tableware-set-bellino-20-pcs\/"]}]},{"@type":"ImageObject","inLanguage":"en-US","@id":"https:\/\/www.restatrade.ee\/en\/product\/tableware-set-bellino-20-pcs\/#primaryimage","url":"https:\/\/www.restatrade.ee\/wp-content\/uploads\/2022\/09\/1034f4631abb932d216013506f9f16a2.jpeg","contentUrl":"https:\/\/www.restatrade.ee\/wp-content\/uploads\/2022\/09\/1034f4631abb932d216013506f9f16a2.jpeg","width":1500,"height":1000},{"@type":"BreadcrumbList","@id":"https:\/\/www.restatrade.ee\/en\/product\/tableware-set-bellino-20-pcs\/#breadcrumb","itemListElement":[{"@type":"ListItem","position":1,"name":"Home","item":"https:\/\/www.restatrade.ee\/en\/"},{"@type":"ListItem","position":2,"name":"Shop","item":"https:\/\/www.restatrade.ee\/en\/shop\/"},{"@type":"ListItem","position":3,"name":"Tableware set Bellino 20 pcs."}]},{"@type":"WebSite","@id":"https:\/\/www.restatrade.ee\/#website","url":"https:\/\/www.restatrade.ee\/","name":"Restatrade","description":"30 aastat HoReCa sektori k\u00f6\u00f6kide ja saalide varustamist","publisher":{"@id":"https:\/\/www.restatrade.ee\/#organization"},"potentialAction":[{"@type":"SearchAction","target":{"@type":"EntryPoint","urlTemplate":"https:\/\/www.restatrade.ee\/?s={search_term_string}"},"query-input":{"@type":"PropertyValueSpecification","valueRequired":true,"valueName":"search_term_string"}}],"inLanguage":"en-US"},{"@type":"Organization","@id":"https:\/\/www.restatrade.ee\/#organization","name":"Restatrade","url":"https:\/\/www.restatrade.ee\/","logo":{"@type":"ImageObject","inLanguage":"en-US","@id":"https:\/\/www.restatrade.ee\/#\/schema\/logo\/image\/","url":"https:\/\/www.restatrade.ee\/wp-content\/uploads\/2022\/08\/logo.svg","contentUrl":"https:\/\/www.restatrade.ee\/wp-content\/uploads\/2022\/08\/logo.svg","caption":"Restatrade"},"image":{"@id":"https:\/\/www.restatrade.ee\/#\/schema\/logo\/image\/"}}]}},"_links":{"self":[{"href":"https:\/\/www.restatrade.ee\/en\/wp-json\/wp\/v2\/product\/136138","targetHints":{"allow":["GET"]}}],"collection":[{"href":"https:\/\/www.restatrade.ee\/en\/wp-json\/wp\/v2\/product"}],"about":[{"href":"https:\/\/www.restatrade.ee\/en\/wp-json\/wp\/v2\/types\/product"}],"replies":[{"embeddable":true,"href":"https:\/\/www.restatrade.ee\/en\/wp-json\/wp\/v2\/comments?post=136138"}],"wp:featuredmedia":[{"embeddable":true,"href":"https:\/\/www.restatrade.ee\/en\/wp-json\/wp\/v2\/media\/73494"}],"wp:attachment":[{"href":"https:\/\/www.restatrade.ee\/en\/wp-json\/wp\/v2\/media?parent=136138"}],"wp:term":[{"taxonomy":"product_brand","embeddable":true,"href":"https:\/\/www.restatrade.ee\/en\/wp-json\/wp\/v2\/product_brand?post=136138"},{"taxonomy":"product_cat","embeddable":true,"href":"https:\/\/www.restatrade.ee\/en\/wp-json\/wp\/v2\/product_cat?post=136138"},{"taxonomy":"product_tag","embeddable":true,"href":"https:\/\/www.restatrade.ee\/en\/wp-json\/wp\/v2\/product_tag?post=136138"}],"curies":[{"name":"wp","href":"https:\/\/api.w.org\/{rel}","templated":true}]}}