{"id":140892,"date":"2023-01-08T01:40:29","date_gmt":"2023-01-08T01:40:29","guid":{"rendered":"https:\/\/restatrade.ee\/product\/bowl-attachment-for-5-bowls-o-14-cm\/"},"modified":"2025-09-26T04:18:51","modified_gmt":"2025-09-26T04:18:51","slug":"bowl-attachment-for-5-bowls-o-14-cm","status":"publish","type":"product","link":"https:\/\/www.restatrade.ee\/en\/product\/bowl-attachment-for-5-bowls-o-14-cm\/","title":{"rendered":"Bowl attachment for 5 bowls \u00d8 14 cm"},"content":{"rendered":"<p>Bowl attachment made of solid, oiled real wood with two recesses fits bowls with \u00d8 22.5 cm, the attachment with five recesses for bowls with \u00d8 13.3 cm. Damp wipeable, not suitable for dishwasher.<\/p>\n","protected":false},"excerpt":{"rendered":"<p>Bowl attachment made of solid, oiled real wood with two recesses fits bowls with \u00d8 22.5 cm, the attachment with five recesses for bowls with \u00d8 13.3 cm. Damp wipeable, not suitable for dishwasher.<\/p>\n","protected":false},"featured_media":50882,"comment_status":"closed","ping_status":"open","template":"","meta":{"_acf_changed":false},"product_brand":[],"product_cat":[13054,13236,13244,13315,13591,13590,13589],"product_tag":[],"class_list":{"0":"post-140892","1":"product","2":"type-product","3":"status-publish","4":"has-post-thumbnail","6":"product_cat-buffet","7":"product_cat-buffet-systems","8":"product_cat-buffet-individual-parts-ardenna","9":"product_cat-buffet-individual-parts-fundale","10":"product_cat-buffet-individual-parts-montana","11":"product_cat-buffet-individual-parts-natchez","12":"product_cat-buffet-individual-parts-portland","13":"pa_color-oak","14":"pa_color-walnut","15":"pa_size-size-gn-1-1-53x34x2-5-cm-lxwxh","16":"pa_style-rectangular","17":"entry","19":"first","20":"instock","21":"taxable","22":"shipping-taxable","23":"purchasable","24":"product-type-variable","25":"has-default-attributes"},"acf":[],"yoast_head":"<!-- This site is optimized with the Yoast SEO plugin v27.0 - https:\/\/yoast.com\/product\/yoast-seo-wordpress\/ -->\n<title>Bowl attachment for 5 bowls \u00d8 14 cm - Restatrade<\/title>\n<meta name=\"robots\" content=\"index, follow, max-snippet:-1, max-image-preview:large, max-video-preview:-1\" \/>\n<link rel=\"canonical\" href=\"https:\/\/www.restatrade.ee\/en\/product\/bowl-attachment-for-5-bowls-o-14-cm\/\" \/>\n<meta name=\"twitter:card\" content=\"summary_large_image\" \/>\n<meta name=\"twitter:title\" content=\"Bowl attachment for 5 bowls \u00d8 14 cm - Restatrade\" \/>\n<meta name=\"twitter:description\" content=\"Bowl attachment made of solid, oiled real wood with two recesses fits bowls with \u00d8 22.5 cm, the attachment with five recesses for bowls with \u00d8 13.3 cm. Damp wipeable, not suitable for dishwasher.\" \/>\n<meta name=\"twitter:image\" content=\"https:\/\/www.restatrade.ee\/wp-content\/uploads\/2022\/09\/677aba776053b48c3ee0e7b1be8a09d8.jpeg\" \/>\n<script type=\"application\/ld+json\" class=\"yoast-schema-graph\">{\"@context\":\"https:\/\/schema.org\",\"@graph\":[{\"@type\":\"WebPage\",\"@id\":\"https:\/\/www.restatrade.ee\/en\/product\/bowl-attachment-for-5-bowls-o-14-cm\/\",\"url\":\"https:\/\/www.restatrade.ee\/en\/product\/bowl-attachment-for-5-bowls-o-14-cm\/\",\"name\":\"Bowl attachment for 5 bowls \u00d8 14 cm - Restatrade\",\"isPartOf\":{\"@id\":\"https:\/\/www.restatrade.ee\/#website\"},\"primaryImageOfPage\":{\"@id\":\"https:\/\/www.restatrade.ee\/en\/product\/bowl-attachment-for-5-bowls-o-14-cm\/#primaryimage\"},\"image\":{\"@id\":\"https:\/\/www.restatrade.ee\/en\/product\/bowl-attachment-for-5-bowls-o-14-cm\/#primaryimage\"},\"thumbnailUrl\":\"https:\/\/www.restatrade.ee\/wp-content\/uploads\/2022\/09\/677aba776053b48c3ee0e7b1be8a09d8.jpeg\",\"datePublished\":\"2023-01-08T01:40:29+00:00\",\"dateModified\":\"2025-09-26T04:18:51+00:00\",\"breadcrumb\":{\"@id\":\"https:\/\/www.restatrade.ee\/en\/product\/bowl-attachment-for-5-bowls-o-14-cm\/#breadcrumb\"},\"inLanguage\":\"en-US\",\"potentialAction\":[{\"@type\":\"ReadAction\",\"target\":[\"https:\/\/www.restatrade.ee\/en\/product\/bowl-attachment-for-5-bowls-o-14-cm\/\"]}]},{\"@type\":\"ImageObject\",\"inLanguage\":\"en-US\",\"@id\":\"https:\/\/www.restatrade.ee\/en\/product\/bowl-attachment-for-5-bowls-o-14-cm\/#primaryimage\",\"url\":\"https:\/\/www.restatrade.ee\/wp-content\/uploads\/2022\/09\/677aba776053b48c3ee0e7b1be8a09d8.jpeg\",\"contentUrl\":\"https:\/\/www.restatrade.ee\/wp-content\/uploads\/2022\/09\/677aba776053b48c3ee0e7b1be8a09d8.jpeg\",\"width\":1500,\"height\":689},{\"@type\":\"BreadcrumbList\",\"@id\":\"https:\/\/www.restatrade.ee\/en\/product\/bowl-attachment-for-5-bowls-o-14-cm\/#breadcrumb\",\"itemListElement\":[{\"@type\":\"ListItem\",\"position\":1,\"name\":\"Home\",\"item\":\"https:\/\/www.restatrade.ee\/en\/\"},{\"@type\":\"ListItem\",\"position\":2,\"name\":\"Shop\",\"item\":\"https:\/\/www.restatrade.ee\/en\/shop\/\"},{\"@type\":\"ListItem\",\"position\":3,\"name\":\"Bowl attachment for 5 bowls \u00d8 14 cm\"}]},{\"@type\":\"WebSite\",\"@id\":\"https:\/\/www.restatrade.ee\/#website\",\"url\":\"https:\/\/www.restatrade.ee\/\",\"name\":\"Restatrade\",\"description\":\"30 aastat HoReCa sektori k\u00f6\u00f6kide ja saalide varustamist\",\"publisher\":{\"@id\":\"https:\/\/www.restatrade.ee\/#organization\"},\"potentialAction\":[{\"@type\":\"SearchAction\",\"target\":{\"@type\":\"EntryPoint\",\"urlTemplate\":\"https:\/\/www.restatrade.ee\/?s={search_term_string}\"},\"query-input\":{\"@type\":\"PropertyValueSpecification\",\"valueRequired\":true,\"valueName\":\"search_term_string\"}}],\"inLanguage\":\"en-US\"},{\"@type\":\"Organization\",\"@id\":\"https:\/\/www.restatrade.ee\/#organization\",\"name\":\"Restatrade\",\"url\":\"https:\/\/www.restatrade.ee\/\",\"logo\":{\"@type\":\"ImageObject\",\"inLanguage\":\"en-US\",\"@id\":\"https:\/\/www.restatrade.ee\/#\/schema\/logo\/image\/\",\"url\":\"https:\/\/www.restatrade.ee\/wp-content\/uploads\/2022\/08\/logo.svg\",\"contentUrl\":\"https:\/\/www.restatrade.ee\/wp-content\/uploads\/2022\/08\/logo.svg\",\"caption\":\"Restatrade\"},\"image\":{\"@id\":\"https:\/\/www.restatrade.ee\/#\/schema\/logo\/image\/\"}}]}<\/script>\n<!-- \/ Yoast SEO plugin. -->","yoast_head_json":{"title":"Bowl attachment for 5 bowls \u00d8 14 cm - Restatrade","robots":{"index":"index","follow":"follow","max-snippet":"max-snippet:-1","max-image-preview":"max-image-preview:large","max-video-preview":"max-video-preview:-1"},"canonical":"https:\/\/www.restatrade.ee\/en\/product\/bowl-attachment-for-5-bowls-o-14-cm\/","twitter_card":"summary_large_image","twitter_title":"Bowl attachment for 5 bowls \u00d8 14 cm - Restatrade","twitter_description":"Bowl attachment made of solid, oiled real wood with two recesses fits bowls with \u00d8 22.5 cm, the attachment with five recesses for bowls with \u00d8 13.3 cm. Damp wipeable, not suitable for dishwasher.","twitter_image":"https:\/\/www.restatrade.ee\/wp-content\/uploads\/2022\/09\/677aba776053b48c3ee0e7b1be8a09d8.jpeg","schema":{"@context":"https:\/\/schema.org","@graph":[{"@type":"WebPage","@id":"https:\/\/www.restatrade.ee\/en\/product\/bowl-attachment-for-5-bowls-o-14-cm\/","url":"https:\/\/www.restatrade.ee\/en\/product\/bowl-attachment-for-5-bowls-o-14-cm\/","name":"Bowl attachment for 5 bowls \u00d8 14 cm - Restatrade","isPartOf":{"@id":"https:\/\/www.restatrade.ee\/#website"},"primaryImageOfPage":{"@id":"https:\/\/www.restatrade.ee\/en\/product\/bowl-attachment-for-5-bowls-o-14-cm\/#primaryimage"},"image":{"@id":"https:\/\/www.restatrade.ee\/en\/product\/bowl-attachment-for-5-bowls-o-14-cm\/#primaryimage"},"thumbnailUrl":"https:\/\/www.restatrade.ee\/wp-content\/uploads\/2022\/09\/677aba776053b48c3ee0e7b1be8a09d8.jpeg","datePublished":"2023-01-08T01:40:29+00:00","dateModified":"2025-09-26T04:18:51+00:00","breadcrumb":{"@id":"https:\/\/www.restatrade.ee\/en\/product\/bowl-attachment-for-5-bowls-o-14-cm\/#breadcrumb"},"inLanguage":"en-US","potentialAction":[{"@type":"ReadAction","target":["https:\/\/www.restatrade.ee\/en\/product\/bowl-attachment-for-5-bowls-o-14-cm\/"]}]},{"@type":"ImageObject","inLanguage":"en-US","@id":"https:\/\/www.restatrade.ee\/en\/product\/bowl-attachment-for-5-bowls-o-14-cm\/#primaryimage","url":"https:\/\/www.restatrade.ee\/wp-content\/uploads\/2022\/09\/677aba776053b48c3ee0e7b1be8a09d8.jpeg","contentUrl":"https:\/\/www.restatrade.ee\/wp-content\/uploads\/2022\/09\/677aba776053b48c3ee0e7b1be8a09d8.jpeg","width":1500,"height":689},{"@type":"BreadcrumbList","@id":"https:\/\/www.restatrade.ee\/en\/product\/bowl-attachment-for-5-bowls-o-14-cm\/#breadcrumb","itemListElement":[{"@type":"ListItem","position":1,"name":"Home","item":"https:\/\/www.restatrade.ee\/en\/"},{"@type":"ListItem","position":2,"name":"Shop","item":"https:\/\/www.restatrade.ee\/en\/shop\/"},{"@type":"ListItem","position":3,"name":"Bowl attachment for 5 bowls \u00d8 14 cm"}]},{"@type":"WebSite","@id":"https:\/\/www.restatrade.ee\/#website","url":"https:\/\/www.restatrade.ee\/","name":"Restatrade","description":"30 aastat HoReCa sektori k\u00f6\u00f6kide ja saalide varustamist","publisher":{"@id":"https:\/\/www.restatrade.ee\/#organization"},"potentialAction":[{"@type":"SearchAction","target":{"@type":"EntryPoint","urlTemplate":"https:\/\/www.restatrade.ee\/?s={search_term_string}"},"query-input":{"@type":"PropertyValueSpecification","valueRequired":true,"valueName":"search_term_string"}}],"inLanguage":"en-US"},{"@type":"Organization","@id":"https:\/\/www.restatrade.ee\/#organization","name":"Restatrade","url":"https:\/\/www.restatrade.ee\/","logo":{"@type":"ImageObject","inLanguage":"en-US","@id":"https:\/\/www.restatrade.ee\/#\/schema\/logo\/image\/","url":"https:\/\/www.restatrade.ee\/wp-content\/uploads\/2022\/08\/logo.svg","contentUrl":"https:\/\/www.restatrade.ee\/wp-content\/uploads\/2022\/08\/logo.svg","caption":"Restatrade"},"image":{"@id":"https:\/\/www.restatrade.ee\/#\/schema\/logo\/image\/"}}]}},"_links":{"self":[{"href":"https:\/\/www.restatrade.ee\/en\/wp-json\/wp\/v2\/product\/140892","targetHints":{"allow":["GET"]}}],"collection":[{"href":"https:\/\/www.restatrade.ee\/en\/wp-json\/wp\/v2\/product"}],"about":[{"href":"https:\/\/www.restatrade.ee\/en\/wp-json\/wp\/v2\/types\/product"}],"replies":[{"embeddable":true,"href":"https:\/\/www.restatrade.ee\/en\/wp-json\/wp\/v2\/comments?post=140892"}],"wp:featuredmedia":[{"embeddable":true,"href":"https:\/\/www.restatrade.ee\/en\/wp-json\/wp\/v2\/media\/50882"}],"wp:attachment":[{"href":"https:\/\/www.restatrade.ee\/en\/wp-json\/wp\/v2\/media?parent=140892"}],"wp:term":[{"taxonomy":"product_brand","embeddable":true,"href":"https:\/\/www.restatrade.ee\/en\/wp-json\/wp\/v2\/product_brand?post=140892"},{"taxonomy":"product_cat","embeddable":true,"href":"https:\/\/www.restatrade.ee\/en\/wp-json\/wp\/v2\/product_cat?post=140892"},{"taxonomy":"product_tag","embeddable":true,"href":"https:\/\/www.restatrade.ee\/en\/wp-json\/wp\/v2\/product_tag?post=140892"}],"curies":[{"name":"wp","href":"https:\/\/api.w.org\/{rel}","templated":true}]}}