{"id":141737,"date":"2023-01-08T03:40:55","date_gmt":"2023-01-08T03:40:55","guid":{"rendered":"https:\/\/restatrade.ee\/product\/beer-tasting-glasses-kelani-6-piece\/"},"modified":"2023-03-19T23:31:01","modified_gmt":"2023-03-19T23:31:01","slug":"beer-tasting-glasses-kelani-6-piece","status":"publish","type":"product","link":"https:\/\/www.restatrade.ee\/en\/product\/beer-tasting-glasses-kelani-6-piece\/","title":{"rendered":"Beer tasting glasses Kelani 6-piece"},"content":{"rendered":"<p>High quality, 6-piece beer tasting set made of crystal glass. In three different shapes for an optimal taste experience. The set includes two glasses \u00d8xH cm 10.2&#215;18.8, 780 ml, two glasses \u00d8xH cm 8.8&#215;18.4, 540 ml and two glasses \u00d8xH cm 8.9&#215;20, 420 ml.<\/p>\n","protected":false},"excerpt":{"rendered":"<p>High quality, 6-piece beer tasting set made of crystal glass. In three different shapes for an optimal taste experience. The set includes two glasses \u00d8xH cm 10.2&#215;18.8, 780 ml, two glasses \u00d8xH cm 8.8&#215;18.4, 540 ml and two glasses \u00d8xH cm 8.9&#215;20, 420 ml.<\/p>\n","protected":false},"featured_media":62622,"comment_status":"closed","ping_status":"open","template":"","meta":{"_acf_changed":false},"product_brand":[],"product_cat":[13088],"product_tag":[],"class_list":{"0":"post-141737","1":"product","2":"type-product","3":"status-publish","4":"has-post-thumbnail","6":"product_cat-glass","7":"pa_color-transparent","8":"pa_size-780ml-10-2x18-8-cm-oxh","9":"entry","11":"first","12":"instock","13":"taxable","14":"shipping-taxable","15":"purchasable","16":"product-type-variable","17":"has-default-attributes"},"acf":[],"yoast_head":"<!-- This site is optimized with the Yoast SEO plugin v27.0 - https:\/\/yoast.com\/product\/yoast-seo-wordpress\/ -->\n<title>Beer tasting glasses Kelani 6-piece - Restatrade<\/title>\n<meta name=\"robots\" content=\"index, follow, max-snippet:-1, max-image-preview:large, max-video-preview:-1\" \/>\n<link rel=\"canonical\" href=\"https:\/\/www.restatrade.ee\/product\/beer-tasting-glasses-kelani-6-piece\/\" \/>\n<meta name=\"twitter:card\" content=\"summary_large_image\" \/>\n<meta name=\"twitter:title\" content=\"Beer tasting glasses Kelani 6-piece - Restatrade\" \/>\n<meta name=\"twitter:description\" content=\"High quality, 6-piece beer tasting set made of crystal glass. In three different shapes for an optimal taste experience. The set includes two glasses \u00d8xH cm 10.2&#215;18.8, 780 ml, two glasses \u00d8xH cm 8.8&#215;18.4, 540 ml and two glasses \u00d8xH cm 8.9&#215;20, 420 ml.\" \/>\n<meta name=\"twitter:image\" content=\"https:\/\/www.restatrade.ee\/wp-content\/uploads\/2022\/09\/9c3846ea9b7fba75ec7ab335d699e842.jpeg\" \/>\n<script type=\"application\/ld+json\" class=\"yoast-schema-graph\">{\"@context\":\"https:\/\/schema.org\",\"@graph\":[{\"@type\":\"WebPage\",\"@id\":\"https:\/\/www.restatrade.ee\/product\/beer-tasting-glasses-kelani-6-piece\/\",\"url\":\"https:\/\/www.restatrade.ee\/product\/beer-tasting-glasses-kelani-6-piece\/\",\"name\":\"Beer tasting glasses Kelani 6-piece - Restatrade\",\"isPartOf\":{\"@id\":\"https:\/\/www.restatrade.ee\/#website\"},\"primaryImageOfPage\":{\"@id\":\"https:\/\/www.restatrade.ee\/product\/beer-tasting-glasses-kelani-6-piece\/#primaryimage\"},\"image\":{\"@id\":\"https:\/\/www.restatrade.ee\/product\/beer-tasting-glasses-kelani-6-piece\/#primaryimage\"},\"thumbnailUrl\":\"https:\/\/www.restatrade.ee\/wp-content\/uploads\/2022\/09\/9c3846ea9b7fba75ec7ab335d699e842.jpeg\",\"datePublished\":\"2023-01-08T03:40:55+00:00\",\"dateModified\":\"2023-03-19T23:31:01+00:00\",\"breadcrumb\":{\"@id\":\"https:\/\/www.restatrade.ee\/product\/beer-tasting-glasses-kelani-6-piece\/#breadcrumb\"},\"inLanguage\":\"en-US\",\"potentialAction\":[{\"@type\":\"ReadAction\",\"target\":[\"https:\/\/www.restatrade.ee\/product\/beer-tasting-glasses-kelani-6-piece\/\"]}]},{\"@type\":\"ImageObject\",\"inLanguage\":\"en-US\",\"@id\":\"https:\/\/www.restatrade.ee\/product\/beer-tasting-glasses-kelani-6-piece\/#primaryimage\",\"url\":\"https:\/\/www.restatrade.ee\/wp-content\/uploads\/2022\/09\/9c3846ea9b7fba75ec7ab335d699e842.jpeg\",\"contentUrl\":\"https:\/\/www.restatrade.ee\/wp-content\/uploads\/2022\/09\/9c3846ea9b7fba75ec7ab335d699e842.jpeg\",\"width\":1500,\"height\":934},{\"@type\":\"BreadcrumbList\",\"@id\":\"https:\/\/www.restatrade.ee\/product\/beer-tasting-glasses-kelani-6-piece\/#breadcrumb\",\"itemListElement\":[{\"@type\":\"ListItem\",\"position\":1,\"name\":\"Home\",\"item\":\"https:\/\/www.restatrade.ee\/en\/\"},{\"@type\":\"ListItem\",\"position\":2,\"name\":\"Shop\",\"item\":\"https:\/\/www.restatrade.ee\/en\/shop\/\"},{\"@type\":\"ListItem\",\"position\":3,\"name\":\"\u00d5lle degusteerimisklaasid Kelani, 6-os.\"}]},{\"@type\":\"WebSite\",\"@id\":\"https:\/\/www.restatrade.ee\/#website\",\"url\":\"https:\/\/www.restatrade.ee\/\",\"name\":\"Restatrade\",\"description\":\"30 aastat HoReCa sektori k\u00f6\u00f6kide ja saalide varustamist\",\"publisher\":{\"@id\":\"https:\/\/www.restatrade.ee\/#organization\"},\"potentialAction\":[{\"@type\":\"SearchAction\",\"target\":{\"@type\":\"EntryPoint\",\"urlTemplate\":\"https:\/\/www.restatrade.ee\/?s={search_term_string}\"},\"query-input\":{\"@type\":\"PropertyValueSpecification\",\"valueRequired\":true,\"valueName\":\"search_term_string\"}}],\"inLanguage\":\"en-US\"},{\"@type\":\"Organization\",\"@id\":\"https:\/\/www.restatrade.ee\/#organization\",\"name\":\"Restatrade\",\"url\":\"https:\/\/www.restatrade.ee\/\",\"logo\":{\"@type\":\"ImageObject\",\"inLanguage\":\"en-US\",\"@id\":\"https:\/\/www.restatrade.ee\/#\/schema\/logo\/image\/\",\"url\":\"https:\/\/www.restatrade.ee\/wp-content\/uploads\/2022\/08\/logo.svg\",\"contentUrl\":\"https:\/\/www.restatrade.ee\/wp-content\/uploads\/2022\/08\/logo.svg\",\"caption\":\"Restatrade\"},\"image\":{\"@id\":\"https:\/\/www.restatrade.ee\/#\/schema\/logo\/image\/\"}}]}<\/script>\n<!-- \/ Yoast SEO plugin. -->","yoast_head_json":{"title":"Beer tasting glasses Kelani 6-piece - Restatrade","robots":{"index":"index","follow":"follow","max-snippet":"max-snippet:-1","max-image-preview":"max-image-preview:large","max-video-preview":"max-video-preview:-1"},"canonical":"https:\/\/www.restatrade.ee\/product\/beer-tasting-glasses-kelani-6-piece\/","twitter_card":"summary_large_image","twitter_title":"Beer tasting glasses Kelani 6-piece - Restatrade","twitter_description":"High quality, 6-piece beer tasting set made of crystal glass. In three different shapes for an optimal taste experience. The set includes two glasses \u00d8xH cm 10.2&#215;18.8, 780 ml, two glasses \u00d8xH cm 8.8&#215;18.4, 540 ml and two glasses \u00d8xH cm 8.9&#215;20, 420 ml.","twitter_image":"https:\/\/www.restatrade.ee\/wp-content\/uploads\/2022\/09\/9c3846ea9b7fba75ec7ab335d699e842.jpeg","schema":{"@context":"https:\/\/schema.org","@graph":[{"@type":"WebPage","@id":"https:\/\/www.restatrade.ee\/product\/beer-tasting-glasses-kelani-6-piece\/","url":"https:\/\/www.restatrade.ee\/product\/beer-tasting-glasses-kelani-6-piece\/","name":"Beer tasting glasses Kelani 6-piece - Restatrade","isPartOf":{"@id":"https:\/\/www.restatrade.ee\/#website"},"primaryImageOfPage":{"@id":"https:\/\/www.restatrade.ee\/product\/beer-tasting-glasses-kelani-6-piece\/#primaryimage"},"image":{"@id":"https:\/\/www.restatrade.ee\/product\/beer-tasting-glasses-kelani-6-piece\/#primaryimage"},"thumbnailUrl":"https:\/\/www.restatrade.ee\/wp-content\/uploads\/2022\/09\/9c3846ea9b7fba75ec7ab335d699e842.jpeg","datePublished":"2023-01-08T03:40:55+00:00","dateModified":"2023-03-19T23:31:01+00:00","breadcrumb":{"@id":"https:\/\/www.restatrade.ee\/product\/beer-tasting-glasses-kelani-6-piece\/#breadcrumb"},"inLanguage":"en-US","potentialAction":[{"@type":"ReadAction","target":["https:\/\/www.restatrade.ee\/product\/beer-tasting-glasses-kelani-6-piece\/"]}]},{"@type":"ImageObject","inLanguage":"en-US","@id":"https:\/\/www.restatrade.ee\/product\/beer-tasting-glasses-kelani-6-piece\/#primaryimage","url":"https:\/\/www.restatrade.ee\/wp-content\/uploads\/2022\/09\/9c3846ea9b7fba75ec7ab335d699e842.jpeg","contentUrl":"https:\/\/www.restatrade.ee\/wp-content\/uploads\/2022\/09\/9c3846ea9b7fba75ec7ab335d699e842.jpeg","width":1500,"height":934},{"@type":"BreadcrumbList","@id":"https:\/\/www.restatrade.ee\/product\/beer-tasting-glasses-kelani-6-piece\/#breadcrumb","itemListElement":[{"@type":"ListItem","position":1,"name":"Home","item":"https:\/\/www.restatrade.ee\/en\/"},{"@type":"ListItem","position":2,"name":"Shop","item":"https:\/\/www.restatrade.ee\/en\/shop\/"},{"@type":"ListItem","position":3,"name":"\u00d5lle degusteerimisklaasid Kelani, 6-os."}]},{"@type":"WebSite","@id":"https:\/\/www.restatrade.ee\/#website","url":"https:\/\/www.restatrade.ee\/","name":"Restatrade","description":"30 aastat HoReCa sektori k\u00f6\u00f6kide ja saalide varustamist","publisher":{"@id":"https:\/\/www.restatrade.ee\/#organization"},"potentialAction":[{"@type":"SearchAction","target":{"@type":"EntryPoint","urlTemplate":"https:\/\/www.restatrade.ee\/?s={search_term_string}"},"query-input":{"@type":"PropertyValueSpecification","valueRequired":true,"valueName":"search_term_string"}}],"inLanguage":"en-US"},{"@type":"Organization","@id":"https:\/\/www.restatrade.ee\/#organization","name":"Restatrade","url":"https:\/\/www.restatrade.ee\/","logo":{"@type":"ImageObject","inLanguage":"en-US","@id":"https:\/\/www.restatrade.ee\/#\/schema\/logo\/image\/","url":"https:\/\/www.restatrade.ee\/wp-content\/uploads\/2022\/08\/logo.svg","contentUrl":"https:\/\/www.restatrade.ee\/wp-content\/uploads\/2022\/08\/logo.svg","caption":"Restatrade"},"image":{"@id":"https:\/\/www.restatrade.ee\/#\/schema\/logo\/image\/"}}]}},"_links":{"self":[{"href":"https:\/\/www.restatrade.ee\/en\/wp-json\/wp\/v2\/product\/141737","targetHints":{"allow":["GET"]}}],"collection":[{"href":"https:\/\/www.restatrade.ee\/en\/wp-json\/wp\/v2\/product"}],"about":[{"href":"https:\/\/www.restatrade.ee\/en\/wp-json\/wp\/v2\/types\/product"}],"replies":[{"embeddable":true,"href":"https:\/\/www.restatrade.ee\/en\/wp-json\/wp\/v2\/comments?post=141737"}],"wp:featuredmedia":[{"embeddable":true,"href":"https:\/\/www.restatrade.ee\/en\/wp-json\/wp\/v2\/media\/62622"}],"wp:attachment":[{"href":"https:\/\/www.restatrade.ee\/en\/wp-json\/wp\/v2\/media?parent=141737"}],"wp:term":[{"taxonomy":"product_brand","embeddable":true,"href":"https:\/\/www.restatrade.ee\/en\/wp-json\/wp\/v2\/product_brand?post=141737"},{"taxonomy":"product_cat","embeddable":true,"href":"https:\/\/www.restatrade.ee\/en\/wp-json\/wp\/v2\/product_cat?post=141737"},{"taxonomy":"product_tag","embeddable":true,"href":"https:\/\/www.restatrade.ee\/en\/wp-json\/wp\/v2\/product_tag?post=141737"}],"curies":[{"name":"wp","href":"https:\/\/api.w.org\/{rel}","templated":true}]}}