{"id":143088,"date":"2023-01-08T07:00:30","date_gmt":"2023-01-08T07:00:30","guid":{"rendered":"https:\/\/restatrade.ee\/product\/tableware-set-pallais-30-pcs\/"},"modified":"2024-10-12T06:31:03","modified_gmt":"2024-10-12T06:31:03","slug":"tableware-set-pallais-30-pcs","status":"publish","type":"product","link":"https:\/\/www.restatrade.ee\/en\/product\/tableware-set-pallais-30-pcs\/","title":{"rendered":"Tableware set Pallais 30 pcs."},"content":{"rendered":"<p>The set consists of six coffee cups 0.2 l and coffee cup saucers \u00d8 15.5 cm, plates flat \u00d8 18 cm and 26 cm and plates deep \u00d8 24.5 cm. High quality series with curved flag of the plates and seamless handle transitions on the cups. Material: Porcelain. Dishwasher safe and microwaveable.<\/p>\n","protected":false},"excerpt":{"rendered":"<p>The set consists of six coffee cups 0.2 l and coffee cup saucers \u00d8 15.5 cm, plates flat \u00d8 18 cm and 26 cm and plates deep \u00d8 24.5 cm. High quality series with curved flag of the plates and seamless handle transitions on the cups. Material: Porcelain. Dishwasher safe and microwaveable.<\/p>\n","protected":false},"featured_media":67721,"comment_status":"closed","ping_status":"open","template":"","meta":{"_acf_changed":false},"product_brand":[],"product_cat":[13077,13607],"product_tag":[],"class_list":{"0":"post-143088","1":"product","2":"type-product","3":"status-publish","4":"has-post-thumbnail","6":"product_cat-porcelain","7":"product_cat-tableware-sets-porcelain","8":"pa_color-white","9":"entry","11":"first","12":"outofstock","13":"taxable","14":"shipping-taxable","15":"purchasable","16":"product-type-variable"},"acf":[],"yoast_head":"<!-- This site is optimized with the Yoast SEO plugin v27.0 - https:\/\/yoast.com\/product\/yoast-seo-wordpress\/ -->\n<title>Tableware set Pallais 30 pcs. - Restatrade<\/title>\n<meta name=\"robots\" content=\"index, follow, max-snippet:-1, max-image-preview:large, max-video-preview:-1\" \/>\n<link rel=\"canonical\" href=\"https:\/\/www.restatrade.ee\/product\/tableware-set-pallais-30-pcs\/\" \/>\n<meta name=\"twitter:card\" content=\"summary_large_image\" \/>\n<meta name=\"twitter:title\" content=\"Tableware set Pallais 30 pcs. - Restatrade\" \/>\n<meta name=\"twitter:description\" content=\"The set consists of six coffee cups 0.2 l and coffee cup saucers \u00d8 15.5 cm, plates flat \u00d8 18 cm and 26 cm and plates deep \u00d8 24.5 cm. High quality series with curved flag of the plates and seamless handle transitions on the cups. Material: Porcelain. Dishwasher safe and microwaveable.\" \/>\n<meta name=\"twitter:image\" content=\"https:\/\/www.restatrade.ee\/wp-content\/uploads\/2022\/09\/de2a95b4aac721f15ed885dd1ccac515.jpeg\" \/>\n<script type=\"application\/ld+json\" class=\"yoast-schema-graph\">{\"@context\":\"https:\/\/schema.org\",\"@graph\":[{\"@type\":\"WebPage\",\"@id\":\"https:\/\/www.restatrade.ee\/product\/tableware-set-pallais-30-pcs\/\",\"url\":\"https:\/\/www.restatrade.ee\/product\/tableware-set-pallais-30-pcs\/\",\"name\":\"Tableware set Pallais 30 pcs. - Restatrade\",\"isPartOf\":{\"@id\":\"https:\/\/www.restatrade.ee\/#website\"},\"primaryImageOfPage\":{\"@id\":\"https:\/\/www.restatrade.ee\/product\/tableware-set-pallais-30-pcs\/#primaryimage\"},\"image\":{\"@id\":\"https:\/\/www.restatrade.ee\/product\/tableware-set-pallais-30-pcs\/#primaryimage\"},\"thumbnailUrl\":\"https:\/\/www.restatrade.ee\/wp-content\/uploads\/2022\/09\/de2a95b4aac721f15ed885dd1ccac515.jpeg\",\"datePublished\":\"2023-01-08T07:00:30+00:00\",\"dateModified\":\"2024-10-12T06:31:03+00:00\",\"breadcrumb\":{\"@id\":\"https:\/\/www.restatrade.ee\/product\/tableware-set-pallais-30-pcs\/#breadcrumb\"},\"inLanguage\":\"en-US\",\"potentialAction\":[{\"@type\":\"ReadAction\",\"target\":[\"https:\/\/www.restatrade.ee\/product\/tableware-set-pallais-30-pcs\/\"]}]},{\"@type\":\"ImageObject\",\"inLanguage\":\"en-US\",\"@id\":\"https:\/\/www.restatrade.ee\/product\/tableware-set-pallais-30-pcs\/#primaryimage\",\"url\":\"https:\/\/www.restatrade.ee\/wp-content\/uploads\/2022\/09\/de2a95b4aac721f15ed885dd1ccac515.jpeg\",\"contentUrl\":\"https:\/\/www.restatrade.ee\/wp-content\/uploads\/2022\/09\/de2a95b4aac721f15ed885dd1ccac515.jpeg\",\"width\":1500,\"height\":1000},{\"@type\":\"BreadcrumbList\",\"@id\":\"https:\/\/www.restatrade.ee\/product\/tableware-set-pallais-30-pcs\/#breadcrumb\",\"itemListElement\":[{\"@type\":\"ListItem\",\"position\":1,\"name\":\"Home\",\"item\":\"https:\/\/www.restatrade.ee\/en\/\"},{\"@type\":\"ListItem\",\"position\":2,\"name\":\"Shop\",\"item\":\"https:\/\/www.restatrade.ee\/en\/shop\/\"},{\"@type\":\"ListItem\",\"position\":3,\"name\":\"Tableware set Pallais 30 pcs.\"}]},{\"@type\":\"WebSite\",\"@id\":\"https:\/\/www.restatrade.ee\/#website\",\"url\":\"https:\/\/www.restatrade.ee\/\",\"name\":\"Restatrade\",\"description\":\"30 aastat HoReCa sektori k\u00f6\u00f6kide ja saalide varustamist\",\"publisher\":{\"@id\":\"https:\/\/www.restatrade.ee\/#organization\"},\"potentialAction\":[{\"@type\":\"SearchAction\",\"target\":{\"@type\":\"EntryPoint\",\"urlTemplate\":\"https:\/\/www.restatrade.ee\/?s={search_term_string}\"},\"query-input\":{\"@type\":\"PropertyValueSpecification\",\"valueRequired\":true,\"valueName\":\"search_term_string\"}}],\"inLanguage\":\"en-US\"},{\"@type\":\"Organization\",\"@id\":\"https:\/\/www.restatrade.ee\/#organization\",\"name\":\"Restatrade\",\"url\":\"https:\/\/www.restatrade.ee\/\",\"logo\":{\"@type\":\"ImageObject\",\"inLanguage\":\"en-US\",\"@id\":\"https:\/\/www.restatrade.ee\/#\/schema\/logo\/image\/\",\"url\":\"https:\/\/www.restatrade.ee\/wp-content\/uploads\/2022\/08\/logo.svg\",\"contentUrl\":\"https:\/\/www.restatrade.ee\/wp-content\/uploads\/2022\/08\/logo.svg\",\"caption\":\"Restatrade\"},\"image\":{\"@id\":\"https:\/\/www.restatrade.ee\/#\/schema\/logo\/image\/\"}}]}<\/script>\n<!-- \/ Yoast SEO plugin. -->","yoast_head_json":{"title":"Tableware set Pallais 30 pcs. - Restatrade","robots":{"index":"index","follow":"follow","max-snippet":"max-snippet:-1","max-image-preview":"max-image-preview:large","max-video-preview":"max-video-preview:-1"},"canonical":"https:\/\/www.restatrade.ee\/product\/tableware-set-pallais-30-pcs\/","twitter_card":"summary_large_image","twitter_title":"Tableware set Pallais 30 pcs. - Restatrade","twitter_description":"The set consists of six coffee cups 0.2 l and coffee cup saucers \u00d8 15.5 cm, plates flat \u00d8 18 cm and 26 cm and plates deep \u00d8 24.5 cm. High quality series with curved flag of the plates and seamless handle transitions on the cups. Material: Porcelain. Dishwasher safe and microwaveable.","twitter_image":"https:\/\/www.restatrade.ee\/wp-content\/uploads\/2022\/09\/de2a95b4aac721f15ed885dd1ccac515.jpeg","schema":{"@context":"https:\/\/schema.org","@graph":[{"@type":"WebPage","@id":"https:\/\/www.restatrade.ee\/product\/tableware-set-pallais-30-pcs\/","url":"https:\/\/www.restatrade.ee\/product\/tableware-set-pallais-30-pcs\/","name":"Tableware set Pallais 30 pcs. - Restatrade","isPartOf":{"@id":"https:\/\/www.restatrade.ee\/#website"},"primaryImageOfPage":{"@id":"https:\/\/www.restatrade.ee\/product\/tableware-set-pallais-30-pcs\/#primaryimage"},"image":{"@id":"https:\/\/www.restatrade.ee\/product\/tableware-set-pallais-30-pcs\/#primaryimage"},"thumbnailUrl":"https:\/\/www.restatrade.ee\/wp-content\/uploads\/2022\/09\/de2a95b4aac721f15ed885dd1ccac515.jpeg","datePublished":"2023-01-08T07:00:30+00:00","dateModified":"2024-10-12T06:31:03+00:00","breadcrumb":{"@id":"https:\/\/www.restatrade.ee\/product\/tableware-set-pallais-30-pcs\/#breadcrumb"},"inLanguage":"en-US","potentialAction":[{"@type":"ReadAction","target":["https:\/\/www.restatrade.ee\/product\/tableware-set-pallais-30-pcs\/"]}]},{"@type":"ImageObject","inLanguage":"en-US","@id":"https:\/\/www.restatrade.ee\/product\/tableware-set-pallais-30-pcs\/#primaryimage","url":"https:\/\/www.restatrade.ee\/wp-content\/uploads\/2022\/09\/de2a95b4aac721f15ed885dd1ccac515.jpeg","contentUrl":"https:\/\/www.restatrade.ee\/wp-content\/uploads\/2022\/09\/de2a95b4aac721f15ed885dd1ccac515.jpeg","width":1500,"height":1000},{"@type":"BreadcrumbList","@id":"https:\/\/www.restatrade.ee\/product\/tableware-set-pallais-30-pcs\/#breadcrumb","itemListElement":[{"@type":"ListItem","position":1,"name":"Home","item":"https:\/\/www.restatrade.ee\/en\/"},{"@type":"ListItem","position":2,"name":"Shop","item":"https:\/\/www.restatrade.ee\/en\/shop\/"},{"@type":"ListItem","position":3,"name":"Tableware set Pallais 30 pcs."}]},{"@type":"WebSite","@id":"https:\/\/www.restatrade.ee\/#website","url":"https:\/\/www.restatrade.ee\/","name":"Restatrade","description":"30 aastat HoReCa sektori k\u00f6\u00f6kide ja saalide varustamist","publisher":{"@id":"https:\/\/www.restatrade.ee\/#organization"},"potentialAction":[{"@type":"SearchAction","target":{"@type":"EntryPoint","urlTemplate":"https:\/\/www.restatrade.ee\/?s={search_term_string}"},"query-input":{"@type":"PropertyValueSpecification","valueRequired":true,"valueName":"search_term_string"}}],"inLanguage":"en-US"},{"@type":"Organization","@id":"https:\/\/www.restatrade.ee\/#organization","name":"Restatrade","url":"https:\/\/www.restatrade.ee\/","logo":{"@type":"ImageObject","inLanguage":"en-US","@id":"https:\/\/www.restatrade.ee\/#\/schema\/logo\/image\/","url":"https:\/\/www.restatrade.ee\/wp-content\/uploads\/2022\/08\/logo.svg","contentUrl":"https:\/\/www.restatrade.ee\/wp-content\/uploads\/2022\/08\/logo.svg","caption":"Restatrade"},"image":{"@id":"https:\/\/www.restatrade.ee\/#\/schema\/logo\/image\/"}}]}},"_links":{"self":[{"href":"https:\/\/www.restatrade.ee\/en\/wp-json\/wp\/v2\/product\/143088","targetHints":{"allow":["GET"]}}],"collection":[{"href":"https:\/\/www.restatrade.ee\/en\/wp-json\/wp\/v2\/product"}],"about":[{"href":"https:\/\/www.restatrade.ee\/en\/wp-json\/wp\/v2\/types\/product"}],"replies":[{"embeddable":true,"href":"https:\/\/www.restatrade.ee\/en\/wp-json\/wp\/v2\/comments?post=143088"}],"wp:featuredmedia":[{"embeddable":true,"href":"https:\/\/www.restatrade.ee\/en\/wp-json\/wp\/v2\/media\/67721"}],"wp:attachment":[{"href":"https:\/\/www.restatrade.ee\/en\/wp-json\/wp\/v2\/media?parent=143088"}],"wp:term":[{"taxonomy":"product_brand","embeddable":true,"href":"https:\/\/www.restatrade.ee\/en\/wp-json\/wp\/v2\/product_brand?post=143088"},{"taxonomy":"product_cat","embeddable":true,"href":"https:\/\/www.restatrade.ee\/en\/wp-json\/wp\/v2\/product_cat?post=143088"},{"taxonomy":"product_tag","embeddable":true,"href":"https:\/\/www.restatrade.ee\/en\/wp-json\/wp\/v2\/product_tag?post=143088"}],"curies":[{"name":"wp","href":"https:\/\/api.w.org\/{rel}","templated":true}]}}