{"id":148368,"date":"2023-01-08T21:50:56","date_gmt":"2023-01-08T21:50:56","guid":{"rendered":"https:\/\/restatrade.ee\/product\/sample-set-laja-4-tlg\/"},"modified":"2025-01-15T04:54:10","modified_gmt":"2025-01-15T04:54:10","slug":"sample-set-porcelain-laja-4-piece","status":"publish","type":"product","link":"https:\/\/www.restatrade.ee\/en\/product\/sample-set-porcelain-laja-4-piece\/","title":{"rendered":"Sample set porcelain Laja 4-piece"},"content":{"rendered":"<p>Take advantage of our sample service. The following samples are included: Plate flat \u00d8 18.5 cm azure-blue Plate flat \u00d8 27 cm basswood green Plate deep \u00d8 23 cm grey Bowl \u00d8 14 cm azure-blue Sample items are priced with a nominal fee, if you are not satisfied, we will refund the nominal fee. Please contact our customer service for this.<\/p>\n","protected":false},"excerpt":{"rendered":"<p>Take advantage of our sample service. The following samples are included: Plate flat \u00d8 18.5 cm azure-blue Plate flat \u00d8 27 cm basswood green Plate deep \u00d8 23 cm grey Bowl \u00d8 14 cm azure-blue Sample items are priced with a nominal fee, if you are not satisfied, we will refund the nominal fee. Please&hellip; <a class=\"more-link\" href=\"https:\/\/www.restatrade.ee\/en\/product\/sample-set-porcelain-laja-4-piece\/\">Continue reading <span class=\"screen-reader-text\">Sample set porcelain Laja 4-piece<\/span><\/a><\/p>\n","protected":false},"featured_media":54811,"comment_status":"closed","ping_status":"open","template":"","meta":{"_acf_changed":false},"product_brand":[],"product_cat":[],"product_tag":[],"class_list":{"0":"post-148368","1":"product","2":"type-product","3":"status-publish","4":"has-post-thumbnail","6":"pa_color-multicolored","7":"entry","9":"first","10":"instock","11":"taxable","12":"shipping-taxable","13":"purchasable","14":"product-type-variable","15":"has-default-attributes"},"acf":[],"yoast_head":"<!-- This site is optimized with the Yoast SEO plugin v27.0 - https:\/\/yoast.com\/product\/yoast-seo-wordpress\/ -->\n<title>Sample set porcelain Laja 4-piece - Restatrade<\/title>\n<meta name=\"robots\" content=\"index, follow, max-snippet:-1, max-image-preview:large, max-video-preview:-1\" \/>\n<link rel=\"canonical\" href=\"https:\/\/www.restatrade.ee\/product\/sample-set-porcelain-laja-4-piece\/\" \/>\n<meta name=\"twitter:card\" content=\"summary_large_image\" \/>\n<meta name=\"twitter:title\" content=\"Sample set porcelain Laja 4-piece - Restatrade\" \/>\n<meta name=\"twitter:description\" content=\"Take advantage of our sample service. The following samples are included: Plate flat \u00d8 18.5 cm azure-blue Plate flat \u00d8 27 cm basswood green Plate deep \u00d8 23 cm grey Bowl \u00d8 14 cm azure-blue Sample items are priced with a nominal fee, if you are not satisfied, we will refund the nominal fee. Please&hellip; Continue reading Sample set porcelain Laja 4-piece\" \/>\n<meta name=\"twitter:image\" content=\"https:\/\/www.restatrade.ee\/wp-content\/uploads\/2022\/09\/079cb36f07e19f2fdb69f856c534f460.jpeg\" \/>\n<script type=\"application\/ld+json\" class=\"yoast-schema-graph\">{\"@context\":\"https:\/\/schema.org\",\"@graph\":[{\"@type\":\"WebPage\",\"@id\":\"https:\/\/www.restatrade.ee\/product\/sample-set-porcelain-laja-4-piece\/\",\"url\":\"https:\/\/www.restatrade.ee\/product\/sample-set-porcelain-laja-4-piece\/\",\"name\":\"Sample set porcelain Laja 4-piece - Restatrade\",\"isPartOf\":{\"@id\":\"https:\/\/www.restatrade.ee\/#website\"},\"primaryImageOfPage\":{\"@id\":\"https:\/\/www.restatrade.ee\/product\/sample-set-porcelain-laja-4-piece\/#primaryimage\"},\"image\":{\"@id\":\"https:\/\/www.restatrade.ee\/product\/sample-set-porcelain-laja-4-piece\/#primaryimage\"},\"thumbnailUrl\":\"https:\/\/www.restatrade.ee\/wp-content\/uploads\/2022\/09\/079cb36f07e19f2fdb69f856c534f460.jpeg\",\"datePublished\":\"2023-01-08T21:50:56+00:00\",\"dateModified\":\"2025-01-15T04:54:10+00:00\",\"breadcrumb\":{\"@id\":\"https:\/\/www.restatrade.ee\/product\/sample-set-porcelain-laja-4-piece\/#breadcrumb\"},\"inLanguage\":\"en-US\",\"potentialAction\":[{\"@type\":\"ReadAction\",\"target\":[\"https:\/\/www.restatrade.ee\/product\/sample-set-porcelain-laja-4-piece\/\"]}]},{\"@type\":\"ImageObject\",\"inLanguage\":\"en-US\",\"@id\":\"https:\/\/www.restatrade.ee\/product\/sample-set-porcelain-laja-4-piece\/#primaryimage\",\"url\":\"https:\/\/www.restatrade.ee\/wp-content\/uploads\/2022\/09\/079cb36f07e19f2fdb69f856c534f460.jpeg\",\"contentUrl\":\"https:\/\/www.restatrade.ee\/wp-content\/uploads\/2022\/09\/079cb36f07e19f2fdb69f856c534f460.jpeg\",\"width\":1500,\"height\":1500},{\"@type\":\"BreadcrumbList\",\"@id\":\"https:\/\/www.restatrade.ee\/product\/sample-set-porcelain-laja-4-piece\/#breadcrumb\",\"itemListElement\":[{\"@type\":\"ListItem\",\"position\":1,\"name\":\"Home\",\"item\":\"https:\/\/www.restatrade.ee\/en\/\"},{\"@type\":\"ListItem\",\"position\":2,\"name\":\"Shop\",\"item\":\"https:\/\/www.restatrade.ee\/en\/shop\/\"},{\"@type\":\"ListItem\",\"position\":3,\"name\":\"Sample set porcelain Laja 4-piece\"}]},{\"@type\":\"WebSite\",\"@id\":\"https:\/\/www.restatrade.ee\/#website\",\"url\":\"https:\/\/www.restatrade.ee\/\",\"name\":\"Restatrade\",\"description\":\"30 aastat HoReCa sektori k\u00f6\u00f6kide ja saalide varustamist\",\"publisher\":{\"@id\":\"https:\/\/www.restatrade.ee\/#organization\"},\"potentialAction\":[{\"@type\":\"SearchAction\",\"target\":{\"@type\":\"EntryPoint\",\"urlTemplate\":\"https:\/\/www.restatrade.ee\/?s={search_term_string}\"},\"query-input\":{\"@type\":\"PropertyValueSpecification\",\"valueRequired\":true,\"valueName\":\"search_term_string\"}}],\"inLanguage\":\"en-US\"},{\"@type\":\"Organization\",\"@id\":\"https:\/\/www.restatrade.ee\/#organization\",\"name\":\"Restatrade\",\"url\":\"https:\/\/www.restatrade.ee\/\",\"logo\":{\"@type\":\"ImageObject\",\"inLanguage\":\"en-US\",\"@id\":\"https:\/\/www.restatrade.ee\/#\/schema\/logo\/image\/\",\"url\":\"https:\/\/www.restatrade.ee\/wp-content\/uploads\/2022\/08\/logo.svg\",\"contentUrl\":\"https:\/\/www.restatrade.ee\/wp-content\/uploads\/2022\/08\/logo.svg\",\"caption\":\"Restatrade\"},\"image\":{\"@id\":\"https:\/\/www.restatrade.ee\/#\/schema\/logo\/image\/\"}}]}<\/script>\n<!-- \/ Yoast SEO plugin. -->","yoast_head_json":{"title":"Sample set porcelain Laja 4-piece - Restatrade","robots":{"index":"index","follow":"follow","max-snippet":"max-snippet:-1","max-image-preview":"max-image-preview:large","max-video-preview":"max-video-preview:-1"},"canonical":"https:\/\/www.restatrade.ee\/product\/sample-set-porcelain-laja-4-piece\/","twitter_card":"summary_large_image","twitter_title":"Sample set porcelain Laja 4-piece - Restatrade","twitter_description":"Take advantage of our sample service. The following samples are included: Plate flat \u00d8 18.5 cm azure-blue Plate flat \u00d8 27 cm basswood green Plate deep \u00d8 23 cm grey Bowl \u00d8 14 cm azure-blue Sample items are priced with a nominal fee, if you are not satisfied, we will refund the nominal fee. Please&hellip; Continue reading Sample set porcelain Laja 4-piece","twitter_image":"https:\/\/www.restatrade.ee\/wp-content\/uploads\/2022\/09\/079cb36f07e19f2fdb69f856c534f460.jpeg","schema":{"@context":"https:\/\/schema.org","@graph":[{"@type":"WebPage","@id":"https:\/\/www.restatrade.ee\/product\/sample-set-porcelain-laja-4-piece\/","url":"https:\/\/www.restatrade.ee\/product\/sample-set-porcelain-laja-4-piece\/","name":"Sample set porcelain Laja 4-piece - Restatrade","isPartOf":{"@id":"https:\/\/www.restatrade.ee\/#website"},"primaryImageOfPage":{"@id":"https:\/\/www.restatrade.ee\/product\/sample-set-porcelain-laja-4-piece\/#primaryimage"},"image":{"@id":"https:\/\/www.restatrade.ee\/product\/sample-set-porcelain-laja-4-piece\/#primaryimage"},"thumbnailUrl":"https:\/\/www.restatrade.ee\/wp-content\/uploads\/2022\/09\/079cb36f07e19f2fdb69f856c534f460.jpeg","datePublished":"2023-01-08T21:50:56+00:00","dateModified":"2025-01-15T04:54:10+00:00","breadcrumb":{"@id":"https:\/\/www.restatrade.ee\/product\/sample-set-porcelain-laja-4-piece\/#breadcrumb"},"inLanguage":"en-US","potentialAction":[{"@type":"ReadAction","target":["https:\/\/www.restatrade.ee\/product\/sample-set-porcelain-laja-4-piece\/"]}]},{"@type":"ImageObject","inLanguage":"en-US","@id":"https:\/\/www.restatrade.ee\/product\/sample-set-porcelain-laja-4-piece\/#primaryimage","url":"https:\/\/www.restatrade.ee\/wp-content\/uploads\/2022\/09\/079cb36f07e19f2fdb69f856c534f460.jpeg","contentUrl":"https:\/\/www.restatrade.ee\/wp-content\/uploads\/2022\/09\/079cb36f07e19f2fdb69f856c534f460.jpeg","width":1500,"height":1500},{"@type":"BreadcrumbList","@id":"https:\/\/www.restatrade.ee\/product\/sample-set-porcelain-laja-4-piece\/#breadcrumb","itemListElement":[{"@type":"ListItem","position":1,"name":"Home","item":"https:\/\/www.restatrade.ee\/en\/"},{"@type":"ListItem","position":2,"name":"Shop","item":"https:\/\/www.restatrade.ee\/en\/shop\/"},{"@type":"ListItem","position":3,"name":"Sample set porcelain Laja 4-piece"}]},{"@type":"WebSite","@id":"https:\/\/www.restatrade.ee\/#website","url":"https:\/\/www.restatrade.ee\/","name":"Restatrade","description":"30 aastat HoReCa sektori k\u00f6\u00f6kide ja saalide varustamist","publisher":{"@id":"https:\/\/www.restatrade.ee\/#organization"},"potentialAction":[{"@type":"SearchAction","target":{"@type":"EntryPoint","urlTemplate":"https:\/\/www.restatrade.ee\/?s={search_term_string}"},"query-input":{"@type":"PropertyValueSpecification","valueRequired":true,"valueName":"search_term_string"}}],"inLanguage":"en-US"},{"@type":"Organization","@id":"https:\/\/www.restatrade.ee\/#organization","name":"Restatrade","url":"https:\/\/www.restatrade.ee\/","logo":{"@type":"ImageObject","inLanguage":"en-US","@id":"https:\/\/www.restatrade.ee\/#\/schema\/logo\/image\/","url":"https:\/\/www.restatrade.ee\/wp-content\/uploads\/2022\/08\/logo.svg","contentUrl":"https:\/\/www.restatrade.ee\/wp-content\/uploads\/2022\/08\/logo.svg","caption":"Restatrade"},"image":{"@id":"https:\/\/www.restatrade.ee\/#\/schema\/logo\/image\/"}}]}},"_links":{"self":[{"href":"https:\/\/www.restatrade.ee\/en\/wp-json\/wp\/v2\/product\/148368","targetHints":{"allow":["GET"]}}],"collection":[{"href":"https:\/\/www.restatrade.ee\/en\/wp-json\/wp\/v2\/product"}],"about":[{"href":"https:\/\/www.restatrade.ee\/en\/wp-json\/wp\/v2\/types\/product"}],"replies":[{"embeddable":true,"href":"https:\/\/www.restatrade.ee\/en\/wp-json\/wp\/v2\/comments?post=148368"}],"wp:featuredmedia":[{"embeddable":true,"href":"https:\/\/www.restatrade.ee\/en\/wp-json\/wp\/v2\/media\/54811"}],"wp:attachment":[{"href":"https:\/\/www.restatrade.ee\/en\/wp-json\/wp\/v2\/media?parent=148368"}],"wp:term":[{"taxonomy":"product_brand","embeddable":true,"href":"https:\/\/www.restatrade.ee\/en\/wp-json\/wp\/v2\/product_brand?post=148368"},{"taxonomy":"product_cat","embeddable":true,"href":"https:\/\/www.restatrade.ee\/en\/wp-json\/wp\/v2\/product_cat?post=148368"},{"taxonomy":"product_tag","embeddable":true,"href":"https:\/\/www.restatrade.ee\/en\/wp-json\/wp\/v2\/product_tag?post=148368"}],"curies":[{"name":"wp","href":"https:\/\/api.w.org\/{rel}","templated":true}]}}