{"id":148491,"date":"2023-01-08T22:10:46","date_gmt":"2023-01-08T22:10:46","guid":{"rendered":"https:\/\/restatrade.ee\/product\/tree-abha-2-piece\/"},"modified":"2023-10-30T03:06:34","modified_gmt":"2023-10-30T03:06:34","slug":"tree-abha-2-piece","status":"publish","type":"product","link":"https:\/\/www.restatrade.ee\/en\/product\/tree-abha-2-piece\/","title":{"rendered":"Tree Abha 2-piece"},"content":{"rendered":"<p>Glittering decorative wire Christmas trees with black painted wooden base. Set of 2 assorted, in different sizes. Color: Silver. Set small: \u00d85x24cm and \u00d87x29cm. Set large: \u00d89.5&#215;40.5cm and \u00d812x49cm. Material: Metal\/Wood combination.<\/p>\n","protected":false},"excerpt":{"rendered":"<p>Glittering decorative wire Christmas trees with black painted wooden base. Set of 2 assorted, in different sizes. Color: Silver. Set small: \u00d85x24cm and \u00d87x29cm. Set large: \u00d89.5&#215;40.5cm and \u00d812x49cm. Material: Metal\/Wood combination.<\/p>\n","protected":false},"featured_media":63579,"comment_status":"closed","ping_status":"open","template":"","meta":{"_acf_changed":false},"product_brand":[],"product_cat":[13092,13011],"product_tag":[],"class_list":{"0":"post-148491","1":"product","2":"type-product","3":"status-publish","4":"has-post-thumbnail","6":"product_cat-christmas-decoration","7":"product_cat-decoration","8":"pa_color-silver","9":"pa_size-12x49-cm-oxh","10":"pa_size-7x29-cm-oxh","11":"pa_style-conical","12":"entry","14":"first","15":"outofstock","16":"taxable","17":"shipping-taxable","18":"purchasable","19":"product-type-variable","20":"has-default-attributes"},"acf":[],"yoast_head":"<!-- This site is optimized with the Yoast SEO plugin v27.0 - https:\/\/yoast.com\/product\/yoast-seo-wordpress\/ -->\n<title>Tree Abha 2-piece - Restatrade<\/title>\n<meta name=\"robots\" content=\"index, follow, max-snippet:-1, max-image-preview:large, max-video-preview:-1\" \/>\n<link rel=\"canonical\" href=\"https:\/\/www.restatrade.ee\/product\/tree-abha-2-piece\/\" \/>\n<meta name=\"twitter:card\" content=\"summary_large_image\" \/>\n<meta name=\"twitter:title\" content=\"Tree Abha 2-piece - Restatrade\" \/>\n<meta name=\"twitter:description\" content=\"Glittering decorative wire Christmas trees with black painted wooden base. Set of 2 assorted, in different sizes. Color: Silver. Set small: \u00d85x24cm and \u00d87x29cm. Set large: \u00d89.5&#215;40.5cm and \u00d812x49cm. Material: Metal\/Wood combination.\" \/>\n<meta name=\"twitter:image\" content=\"https:\/\/www.restatrade.ee\/wp-content\/uploads\/2022\/09\/52371fc58477ae61349b09a64b33bdc5.jpeg\" \/>\n<script type=\"application\/ld+json\" class=\"yoast-schema-graph\">{\"@context\":\"https:\/\/schema.org\",\"@graph\":[{\"@type\":\"WebPage\",\"@id\":\"https:\/\/www.restatrade.ee\/product\/tree-abha-2-piece\/\",\"url\":\"https:\/\/www.restatrade.ee\/product\/tree-abha-2-piece\/\",\"name\":\"Tree Abha 2-piece - Restatrade\",\"isPartOf\":{\"@id\":\"https:\/\/www.restatrade.ee\/#website\"},\"primaryImageOfPage\":{\"@id\":\"https:\/\/www.restatrade.ee\/product\/tree-abha-2-piece\/#primaryimage\"},\"image\":{\"@id\":\"https:\/\/www.restatrade.ee\/product\/tree-abha-2-piece\/#primaryimage\"},\"thumbnailUrl\":\"https:\/\/www.restatrade.ee\/wp-content\/uploads\/2022\/09\/52371fc58477ae61349b09a64b33bdc5.jpeg\",\"datePublished\":\"2023-01-08T22:10:46+00:00\",\"dateModified\":\"2023-10-30T03:06:34+00:00\",\"breadcrumb\":{\"@id\":\"https:\/\/www.restatrade.ee\/product\/tree-abha-2-piece\/#breadcrumb\"},\"inLanguage\":\"en-US\",\"potentialAction\":[{\"@type\":\"ReadAction\",\"target\":[\"https:\/\/www.restatrade.ee\/product\/tree-abha-2-piece\/\"]}]},{\"@type\":\"ImageObject\",\"inLanguage\":\"en-US\",\"@id\":\"https:\/\/www.restatrade.ee\/product\/tree-abha-2-piece\/#primaryimage\",\"url\":\"https:\/\/www.restatrade.ee\/wp-content\/uploads\/2022\/09\/52371fc58477ae61349b09a64b33bdc5.jpeg\",\"contentUrl\":\"https:\/\/www.restatrade.ee\/wp-content\/uploads\/2022\/09\/52371fc58477ae61349b09a64b33bdc5.jpeg\",\"width\":671,\"height\":1500},{\"@type\":\"BreadcrumbList\",\"@id\":\"https:\/\/www.restatrade.ee\/product\/tree-abha-2-piece\/#breadcrumb\",\"itemListElement\":[{\"@type\":\"ListItem\",\"position\":1,\"name\":\"Home\",\"item\":\"https:\/\/www.restatrade.ee\/en\/\"},{\"@type\":\"ListItem\",\"position\":2,\"name\":\"Shop\",\"item\":\"https:\/\/www.restatrade.ee\/en\/shop\/\"},{\"@type\":\"ListItem\",\"position\":3,\"name\":\"Tree Abha 2-piece\"}]},{\"@type\":\"WebSite\",\"@id\":\"https:\/\/www.restatrade.ee\/#website\",\"url\":\"https:\/\/www.restatrade.ee\/\",\"name\":\"Restatrade\",\"description\":\"30 aastat HoReCa sektori k\u00f6\u00f6kide ja saalide varustamist\",\"publisher\":{\"@id\":\"https:\/\/www.restatrade.ee\/#organization\"},\"potentialAction\":[{\"@type\":\"SearchAction\",\"target\":{\"@type\":\"EntryPoint\",\"urlTemplate\":\"https:\/\/www.restatrade.ee\/?s={search_term_string}\"},\"query-input\":{\"@type\":\"PropertyValueSpecification\",\"valueRequired\":true,\"valueName\":\"search_term_string\"}}],\"inLanguage\":\"en-US\"},{\"@type\":\"Organization\",\"@id\":\"https:\/\/www.restatrade.ee\/#organization\",\"name\":\"Restatrade\",\"url\":\"https:\/\/www.restatrade.ee\/\",\"logo\":{\"@type\":\"ImageObject\",\"inLanguage\":\"en-US\",\"@id\":\"https:\/\/www.restatrade.ee\/#\/schema\/logo\/image\/\",\"url\":\"https:\/\/www.restatrade.ee\/wp-content\/uploads\/2022\/08\/logo.svg\",\"contentUrl\":\"https:\/\/www.restatrade.ee\/wp-content\/uploads\/2022\/08\/logo.svg\",\"caption\":\"Restatrade\"},\"image\":{\"@id\":\"https:\/\/www.restatrade.ee\/#\/schema\/logo\/image\/\"}}]}<\/script>\n<!-- \/ Yoast SEO plugin. -->","yoast_head_json":{"title":"Tree Abha 2-piece - Restatrade","robots":{"index":"index","follow":"follow","max-snippet":"max-snippet:-1","max-image-preview":"max-image-preview:large","max-video-preview":"max-video-preview:-1"},"canonical":"https:\/\/www.restatrade.ee\/product\/tree-abha-2-piece\/","twitter_card":"summary_large_image","twitter_title":"Tree Abha 2-piece - Restatrade","twitter_description":"Glittering decorative wire Christmas trees with black painted wooden base. Set of 2 assorted, in different sizes. Color: Silver. Set small: \u00d85x24cm and \u00d87x29cm. Set large: \u00d89.5&#215;40.5cm and \u00d812x49cm. Material: Metal\/Wood combination.","twitter_image":"https:\/\/www.restatrade.ee\/wp-content\/uploads\/2022\/09\/52371fc58477ae61349b09a64b33bdc5.jpeg","schema":{"@context":"https:\/\/schema.org","@graph":[{"@type":"WebPage","@id":"https:\/\/www.restatrade.ee\/product\/tree-abha-2-piece\/","url":"https:\/\/www.restatrade.ee\/product\/tree-abha-2-piece\/","name":"Tree Abha 2-piece - Restatrade","isPartOf":{"@id":"https:\/\/www.restatrade.ee\/#website"},"primaryImageOfPage":{"@id":"https:\/\/www.restatrade.ee\/product\/tree-abha-2-piece\/#primaryimage"},"image":{"@id":"https:\/\/www.restatrade.ee\/product\/tree-abha-2-piece\/#primaryimage"},"thumbnailUrl":"https:\/\/www.restatrade.ee\/wp-content\/uploads\/2022\/09\/52371fc58477ae61349b09a64b33bdc5.jpeg","datePublished":"2023-01-08T22:10:46+00:00","dateModified":"2023-10-30T03:06:34+00:00","breadcrumb":{"@id":"https:\/\/www.restatrade.ee\/product\/tree-abha-2-piece\/#breadcrumb"},"inLanguage":"en-US","potentialAction":[{"@type":"ReadAction","target":["https:\/\/www.restatrade.ee\/product\/tree-abha-2-piece\/"]}]},{"@type":"ImageObject","inLanguage":"en-US","@id":"https:\/\/www.restatrade.ee\/product\/tree-abha-2-piece\/#primaryimage","url":"https:\/\/www.restatrade.ee\/wp-content\/uploads\/2022\/09\/52371fc58477ae61349b09a64b33bdc5.jpeg","contentUrl":"https:\/\/www.restatrade.ee\/wp-content\/uploads\/2022\/09\/52371fc58477ae61349b09a64b33bdc5.jpeg","width":671,"height":1500},{"@type":"BreadcrumbList","@id":"https:\/\/www.restatrade.ee\/product\/tree-abha-2-piece\/#breadcrumb","itemListElement":[{"@type":"ListItem","position":1,"name":"Home","item":"https:\/\/www.restatrade.ee\/en\/"},{"@type":"ListItem","position":2,"name":"Shop","item":"https:\/\/www.restatrade.ee\/en\/shop\/"},{"@type":"ListItem","position":3,"name":"Tree Abha 2-piece"}]},{"@type":"WebSite","@id":"https:\/\/www.restatrade.ee\/#website","url":"https:\/\/www.restatrade.ee\/","name":"Restatrade","description":"30 aastat HoReCa sektori k\u00f6\u00f6kide ja saalide varustamist","publisher":{"@id":"https:\/\/www.restatrade.ee\/#organization"},"potentialAction":[{"@type":"SearchAction","target":{"@type":"EntryPoint","urlTemplate":"https:\/\/www.restatrade.ee\/?s={search_term_string}"},"query-input":{"@type":"PropertyValueSpecification","valueRequired":true,"valueName":"search_term_string"}}],"inLanguage":"en-US"},{"@type":"Organization","@id":"https:\/\/www.restatrade.ee\/#organization","name":"Restatrade","url":"https:\/\/www.restatrade.ee\/","logo":{"@type":"ImageObject","inLanguage":"en-US","@id":"https:\/\/www.restatrade.ee\/#\/schema\/logo\/image\/","url":"https:\/\/www.restatrade.ee\/wp-content\/uploads\/2022\/08\/logo.svg","contentUrl":"https:\/\/www.restatrade.ee\/wp-content\/uploads\/2022\/08\/logo.svg","caption":"Restatrade"},"image":{"@id":"https:\/\/www.restatrade.ee\/#\/schema\/logo\/image\/"}}]}},"_links":{"self":[{"href":"https:\/\/www.restatrade.ee\/en\/wp-json\/wp\/v2\/product\/148491","targetHints":{"allow":["GET"]}}],"collection":[{"href":"https:\/\/www.restatrade.ee\/en\/wp-json\/wp\/v2\/product"}],"about":[{"href":"https:\/\/www.restatrade.ee\/en\/wp-json\/wp\/v2\/types\/product"}],"replies":[{"embeddable":true,"href":"https:\/\/www.restatrade.ee\/en\/wp-json\/wp\/v2\/comments?post=148491"}],"wp:featuredmedia":[{"embeddable":true,"href":"https:\/\/www.restatrade.ee\/en\/wp-json\/wp\/v2\/media\/63579"}],"wp:attachment":[{"href":"https:\/\/www.restatrade.ee\/en\/wp-json\/wp\/v2\/media?parent=148491"}],"wp:term":[{"taxonomy":"product_brand","embeddable":true,"href":"https:\/\/www.restatrade.ee\/en\/wp-json\/wp\/v2\/product_brand?post=148491"},{"taxonomy":"product_cat","embeddable":true,"href":"https:\/\/www.restatrade.ee\/en\/wp-json\/wp\/v2\/product_cat?post=148491"},{"taxonomy":"product_tag","embeddable":true,"href":"https:\/\/www.restatrade.ee\/en\/wp-json\/wp\/v2\/product_tag?post=148491"}],"curies":[{"name":"wp","href":"https:\/\/api.w.org\/{rel}","templated":true}]}}