{"id":153350,"date":"2023-01-09T11:10:45","date_gmt":"2023-01-09T11:10:45","guid":{"rendered":"https:\/\/restatrade.ee\/product\/melamine-tableware-set-wayne-16-piece\/"},"modified":"2025-09-25T01:52:45","modified_gmt":"2025-09-25T01:52:45","slug":"melamine-tableware-set-wayne-16-piece","status":"publish","type":"product","link":"https:\/\/www.restatrade.ee\/en\/product\/melamine-tableware-set-wayne-16-piece\/","title":{"rendered":"Melamine tableware set Wayne 16-piece"},"content":{"rendered":"<p>The tableware series made of melamine is particularly durable due to impact and breakage resistance. The set consists of 4 mugs (400 ml), 4 bowls (\u00d8 14.8 cm), 4 dessert plates (\u00d8 22.5 cm), 4 dinner plates (\u00d8 28 cm). The range of use is from -30   \u00b0C to +70   \u00b0C. Dishwasher safe. Not suitable for microwave and not suitable for oven.<\/p>\n","protected":false},"excerpt":{"rendered":"<p>The tableware series made of melamine is particularly durable due to impact and breakage resistance. The set consists of 4 mugs (400 ml), 4 bowls (\u00d8 14.8 cm), 4 dessert plates (\u00d8 22.5 cm), 4 dinner plates (\u00d8 28 cm). The range of use is from -30 \u00b0C to +70 \u00b0C. Dishwasher safe. Not suitable&hellip; <a class=\"more-link\" href=\"https:\/\/www.restatrade.ee\/en\/product\/melamine-tableware-set-wayne-16-piece\/\">Continue reading <span class=\"screen-reader-text\">Melamine tableware set Wayne 16-piece<\/span><\/a><\/p>\n","protected":false},"featured_media":63237,"comment_status":"closed","ping_status":"open","template":"","meta":{"_acf_changed":false},"product_brand":[],"product_cat":[13077,13607],"product_tag":[],"class_list":{"0":"post-153350","1":"product","2":"type-product","3":"status-publish","4":"has-post-thumbnail","6":"product_cat-porcelain","7":"product_cat-tableware-sets-porcelain","8":"pa_color-white","9":"entry","11":"first","12":"instock","13":"taxable","14":"shipping-taxable","15":"purchasable","16":"product-type-variable","17":"has-default-attributes"},"acf":[],"yoast_head":"<!-- This site is optimized with the Yoast SEO plugin v27.0 - https:\/\/yoast.com\/product\/yoast-seo-wordpress\/ -->\n<title>Melamine tableware set Wayne 16-piece - Restatrade<\/title>\n<meta name=\"robots\" content=\"index, follow, max-snippet:-1, max-image-preview:large, max-video-preview:-1\" \/>\n<link rel=\"canonical\" href=\"https:\/\/www.restatrade.ee\/en\/product\/melamine-tableware-set-wayne-16-piece\/\" \/>\n<meta name=\"twitter:card\" content=\"summary_large_image\" \/>\n<meta name=\"twitter:title\" content=\"Melamine tableware set Wayne 16-piece - Restatrade\" \/>\n<meta name=\"twitter:description\" content=\"The tableware series made of melamine is particularly durable due to impact and breakage resistance. The set consists of 4 mugs (400 ml), 4 bowls (\u00d8 14.8 cm), 4 dessert plates (\u00d8 22.5 cm), 4 dinner plates (\u00d8 28 cm). The range of use is from -30 \u00b0C to +70 \u00b0C. Dishwasher safe. Not suitable&hellip; Continue reading Melamine tableware set Wayne 16-piece\" \/>\n<meta name=\"twitter:image\" content=\"https:\/\/www.restatrade.ee\/wp-content\/uploads\/2022\/09\/dd3c9487bad7efea8fff118aea363a0a.jpeg\" \/>\n<script type=\"application\/ld+json\" class=\"yoast-schema-graph\">{\"@context\":\"https:\/\/schema.org\",\"@graph\":[{\"@type\":\"WebPage\",\"@id\":\"https:\/\/www.restatrade.ee\/en\/product\/melamine-tableware-set-wayne-16-piece\/\",\"url\":\"https:\/\/www.restatrade.ee\/en\/product\/melamine-tableware-set-wayne-16-piece\/\",\"name\":\"Melamine tableware set Wayne 16-piece - Restatrade\",\"isPartOf\":{\"@id\":\"https:\/\/www.restatrade.ee\/#website\"},\"primaryImageOfPage\":{\"@id\":\"https:\/\/www.restatrade.ee\/en\/product\/melamine-tableware-set-wayne-16-piece\/#primaryimage\"},\"image\":{\"@id\":\"https:\/\/www.restatrade.ee\/en\/product\/melamine-tableware-set-wayne-16-piece\/#primaryimage\"},\"thumbnailUrl\":\"https:\/\/www.restatrade.ee\/wp-content\/uploads\/2022\/09\/dd3c9487bad7efea8fff118aea363a0a.jpeg\",\"datePublished\":\"2023-01-09T11:10:45+00:00\",\"dateModified\":\"2025-09-25T01:52:45+00:00\",\"breadcrumb\":{\"@id\":\"https:\/\/www.restatrade.ee\/en\/product\/melamine-tableware-set-wayne-16-piece\/#breadcrumb\"},\"inLanguage\":\"en-US\",\"potentialAction\":[{\"@type\":\"ReadAction\",\"target\":[\"https:\/\/www.restatrade.ee\/en\/product\/melamine-tableware-set-wayne-16-piece\/\"]}]},{\"@type\":\"ImageObject\",\"inLanguage\":\"en-US\",\"@id\":\"https:\/\/www.restatrade.ee\/en\/product\/melamine-tableware-set-wayne-16-piece\/#primaryimage\",\"url\":\"https:\/\/www.restatrade.ee\/wp-content\/uploads\/2022\/09\/dd3c9487bad7efea8fff118aea363a0a.jpeg\",\"contentUrl\":\"https:\/\/www.restatrade.ee\/wp-content\/uploads\/2022\/09\/dd3c9487bad7efea8fff118aea363a0a.jpeg\",\"width\":1500,\"height\":1500},{\"@type\":\"BreadcrumbList\",\"@id\":\"https:\/\/www.restatrade.ee\/en\/product\/melamine-tableware-set-wayne-16-piece\/#breadcrumb\",\"itemListElement\":[{\"@type\":\"ListItem\",\"position\":1,\"name\":\"Home\",\"item\":\"https:\/\/www.restatrade.ee\/en\/\"},{\"@type\":\"ListItem\",\"position\":2,\"name\":\"Shop\",\"item\":\"https:\/\/www.restatrade.ee\/en\/shop\/\"},{\"@type\":\"ListItem\",\"position\":3,\"name\":\"Melamine tableware set Wayne 16-piece\"}]},{\"@type\":\"WebSite\",\"@id\":\"https:\/\/www.restatrade.ee\/#website\",\"url\":\"https:\/\/www.restatrade.ee\/\",\"name\":\"Restatrade\",\"description\":\"30 aastat HoReCa sektori k\u00f6\u00f6kide ja saalide varustamist\",\"publisher\":{\"@id\":\"https:\/\/www.restatrade.ee\/#organization\"},\"potentialAction\":[{\"@type\":\"SearchAction\",\"target\":{\"@type\":\"EntryPoint\",\"urlTemplate\":\"https:\/\/www.restatrade.ee\/?s={search_term_string}\"},\"query-input\":{\"@type\":\"PropertyValueSpecification\",\"valueRequired\":true,\"valueName\":\"search_term_string\"}}],\"inLanguage\":\"en-US\"},{\"@type\":\"Organization\",\"@id\":\"https:\/\/www.restatrade.ee\/#organization\",\"name\":\"Restatrade\",\"url\":\"https:\/\/www.restatrade.ee\/\",\"logo\":{\"@type\":\"ImageObject\",\"inLanguage\":\"en-US\",\"@id\":\"https:\/\/www.restatrade.ee\/#\/schema\/logo\/image\/\",\"url\":\"https:\/\/www.restatrade.ee\/wp-content\/uploads\/2022\/08\/logo.svg\",\"contentUrl\":\"https:\/\/www.restatrade.ee\/wp-content\/uploads\/2022\/08\/logo.svg\",\"caption\":\"Restatrade\"},\"image\":{\"@id\":\"https:\/\/www.restatrade.ee\/#\/schema\/logo\/image\/\"}}]}<\/script>\n<!-- \/ Yoast SEO plugin. -->","yoast_head_json":{"title":"Melamine tableware set Wayne 16-piece - Restatrade","robots":{"index":"index","follow":"follow","max-snippet":"max-snippet:-1","max-image-preview":"max-image-preview:large","max-video-preview":"max-video-preview:-1"},"canonical":"https:\/\/www.restatrade.ee\/en\/product\/melamine-tableware-set-wayne-16-piece\/","twitter_card":"summary_large_image","twitter_title":"Melamine tableware set Wayne 16-piece - Restatrade","twitter_description":"The tableware series made of melamine is particularly durable due to impact and breakage resistance. The set consists of 4 mugs (400 ml), 4 bowls (\u00d8 14.8 cm), 4 dessert plates (\u00d8 22.5 cm), 4 dinner plates (\u00d8 28 cm). The range of use is from -30 \u00b0C to +70 \u00b0C. Dishwasher safe. Not suitable&hellip; Continue reading Melamine tableware set Wayne 16-piece","twitter_image":"https:\/\/www.restatrade.ee\/wp-content\/uploads\/2022\/09\/dd3c9487bad7efea8fff118aea363a0a.jpeg","schema":{"@context":"https:\/\/schema.org","@graph":[{"@type":"WebPage","@id":"https:\/\/www.restatrade.ee\/en\/product\/melamine-tableware-set-wayne-16-piece\/","url":"https:\/\/www.restatrade.ee\/en\/product\/melamine-tableware-set-wayne-16-piece\/","name":"Melamine tableware set Wayne 16-piece - Restatrade","isPartOf":{"@id":"https:\/\/www.restatrade.ee\/#website"},"primaryImageOfPage":{"@id":"https:\/\/www.restatrade.ee\/en\/product\/melamine-tableware-set-wayne-16-piece\/#primaryimage"},"image":{"@id":"https:\/\/www.restatrade.ee\/en\/product\/melamine-tableware-set-wayne-16-piece\/#primaryimage"},"thumbnailUrl":"https:\/\/www.restatrade.ee\/wp-content\/uploads\/2022\/09\/dd3c9487bad7efea8fff118aea363a0a.jpeg","datePublished":"2023-01-09T11:10:45+00:00","dateModified":"2025-09-25T01:52:45+00:00","breadcrumb":{"@id":"https:\/\/www.restatrade.ee\/en\/product\/melamine-tableware-set-wayne-16-piece\/#breadcrumb"},"inLanguage":"en-US","potentialAction":[{"@type":"ReadAction","target":["https:\/\/www.restatrade.ee\/en\/product\/melamine-tableware-set-wayne-16-piece\/"]}]},{"@type":"ImageObject","inLanguage":"en-US","@id":"https:\/\/www.restatrade.ee\/en\/product\/melamine-tableware-set-wayne-16-piece\/#primaryimage","url":"https:\/\/www.restatrade.ee\/wp-content\/uploads\/2022\/09\/dd3c9487bad7efea8fff118aea363a0a.jpeg","contentUrl":"https:\/\/www.restatrade.ee\/wp-content\/uploads\/2022\/09\/dd3c9487bad7efea8fff118aea363a0a.jpeg","width":1500,"height":1500},{"@type":"BreadcrumbList","@id":"https:\/\/www.restatrade.ee\/en\/product\/melamine-tableware-set-wayne-16-piece\/#breadcrumb","itemListElement":[{"@type":"ListItem","position":1,"name":"Home","item":"https:\/\/www.restatrade.ee\/en\/"},{"@type":"ListItem","position":2,"name":"Shop","item":"https:\/\/www.restatrade.ee\/en\/shop\/"},{"@type":"ListItem","position":3,"name":"Melamine tableware set Wayne 16-piece"}]},{"@type":"WebSite","@id":"https:\/\/www.restatrade.ee\/#website","url":"https:\/\/www.restatrade.ee\/","name":"Restatrade","description":"30 aastat HoReCa sektori k\u00f6\u00f6kide ja saalide varustamist","publisher":{"@id":"https:\/\/www.restatrade.ee\/#organization"},"potentialAction":[{"@type":"SearchAction","target":{"@type":"EntryPoint","urlTemplate":"https:\/\/www.restatrade.ee\/?s={search_term_string}"},"query-input":{"@type":"PropertyValueSpecification","valueRequired":true,"valueName":"search_term_string"}}],"inLanguage":"en-US"},{"@type":"Organization","@id":"https:\/\/www.restatrade.ee\/#organization","name":"Restatrade","url":"https:\/\/www.restatrade.ee\/","logo":{"@type":"ImageObject","inLanguage":"en-US","@id":"https:\/\/www.restatrade.ee\/#\/schema\/logo\/image\/","url":"https:\/\/www.restatrade.ee\/wp-content\/uploads\/2022\/08\/logo.svg","contentUrl":"https:\/\/www.restatrade.ee\/wp-content\/uploads\/2022\/08\/logo.svg","caption":"Restatrade"},"image":{"@id":"https:\/\/www.restatrade.ee\/#\/schema\/logo\/image\/"}}]}},"_links":{"self":[{"href":"https:\/\/www.restatrade.ee\/en\/wp-json\/wp\/v2\/product\/153350","targetHints":{"allow":["GET"]}}],"collection":[{"href":"https:\/\/www.restatrade.ee\/en\/wp-json\/wp\/v2\/product"}],"about":[{"href":"https:\/\/www.restatrade.ee\/en\/wp-json\/wp\/v2\/types\/product"}],"replies":[{"embeddable":true,"href":"https:\/\/www.restatrade.ee\/en\/wp-json\/wp\/v2\/comments?post=153350"}],"wp:featuredmedia":[{"embeddable":true,"href":"https:\/\/www.restatrade.ee\/en\/wp-json\/wp\/v2\/media\/63237"}],"wp:attachment":[{"href":"https:\/\/www.restatrade.ee\/en\/wp-json\/wp\/v2\/media?parent=153350"}],"wp:term":[{"taxonomy":"product_brand","embeddable":true,"href":"https:\/\/www.restatrade.ee\/en\/wp-json\/wp\/v2\/product_brand?post=153350"},{"taxonomy":"product_cat","embeddable":true,"href":"https:\/\/www.restatrade.ee\/en\/wp-json\/wp\/v2\/product_cat?post=153350"},{"taxonomy":"product_tag","embeddable":true,"href":"https:\/\/www.restatrade.ee\/en\/wp-json\/wp\/v2\/product_tag?post=153350"}],"curies":[{"name":"wp","href":"https:\/\/api.w.org\/{rel}","templated":true}]}}