{"id":157265,"date":"2023-01-09T19:00:36","date_gmt":"2023-01-09T19:00:36","guid":{"rendered":"https:\/\/restatrade.ee\/product\/cookware-set-esko-8-piece\/"},"modified":"2025-09-25T01:52:42","modified_gmt":"2025-09-25T01:52:42","slug":"cookware-set-professional-8-piece","status":"publish","type":"product","link":"https:\/\/www.restatrade.ee\/en\/product\/cookware-set-professional-8-piece\/","title":{"rendered":"Cookware set Professional 8-piece"},"content":{"rendered":"<p>Professional pot set made of chrome-nickel stainless steel 18\/10, pot body matt brushed. Stainless steel bottom with 6 mm aluminum in sandwich technique for optimal heat conduction and storage. Spot-welded, solid handles. With pouring rim for drip-free pouring. Suitable for all types of stoves. Suitable for dishwasher. The set includes three smaller cooking pots in different sizes with lids and a saucepan, also with lid. Contents and dimensions of the pots: 4.1L: 20&#215;15 cm (\u00d8xH); 6.6L: 24&#215;17 cm (\u00d8xH); 2.3L: 16&#215;13 cm (\u00d8xH). Dimensions and contents saucepan: 1.8L: 16&#215;10 cm (\u00d8xH).<\/p>\n","protected":false},"excerpt":{"rendered":"<p>Professional pot set made of chrome-nickel stainless steel 18\/10, pot body matt brushed. Stainless steel bottom with 6 mm aluminum in sandwich technique for optimal heat conduction and storage. Spot-welded, solid handles. With pouring rim for drip-free pouring. Suitable for all types of stoves. Suitable for dishwasher. The set includes three smaller cooking pots in&hellip; <a class=\"more-link\" href=\"https:\/\/www.restatrade.ee\/en\/product\/cookware-set-professional-8-piece\/\">Continue reading <span class=\"screen-reader-text\">Cookware set Professional 8-piece<\/span><\/a><\/p>\n","protected":false},"featured_media":30496,"comment_status":"closed","ping_status":"open","template":"","meta":{"_acf_changed":false},"product_brand":[],"product_cat":[16618,13444,13126],"product_tag":[],"class_list":{"0":"post-157265","1":"product","2":"type-product","3":"status-publish","4":"has-post-thumbnail","6":"product_cat-cooking-pot-sets","7":"product_cat-cookware","8":"product_cat-kitchen","9":"pa_color-silver","10":"entry","12":"first","13":"instock","14":"taxable","15":"shipping-taxable","16":"purchasable","17":"product-type-variable","18":"has-default-attributes"},"acf":[],"yoast_head":"<!-- This site is optimized with the Yoast SEO plugin v27.0 - https:\/\/yoast.com\/product\/yoast-seo-wordpress\/ -->\n<title>Cookware set Professional 8-piece - Restatrade<\/title>\n<meta name=\"robots\" content=\"index, follow, max-snippet:-1, max-image-preview:large, max-video-preview:-1\" \/>\n<link rel=\"canonical\" href=\"https:\/\/www.restatrade.ee\/en\/product\/cookware-set-professional-8-piece\/\" \/>\n<meta name=\"twitter:card\" content=\"summary_large_image\" \/>\n<meta name=\"twitter:title\" content=\"Cookware set Professional 8-piece - Restatrade\" \/>\n<meta name=\"twitter:description\" content=\"Professional pot set made of chrome-nickel stainless steel 18\/10, pot body matt brushed. Stainless steel bottom with 6 mm aluminum in sandwich technique for optimal heat conduction and storage. Spot-welded, solid handles. With pouring rim for drip-free pouring. Suitable for all types of stoves. Suitable for dishwasher. The set includes three smaller cooking pots in&hellip; Continue reading Cookware set Professional 8-piece\" \/>\n<meta name=\"twitter:image\" content=\"https:\/\/www.restatrade.ee\/wp-content\/uploads\/2022\/09\/fea856e369362ad077a09fcfe1e8fb96.jpeg\" \/>\n<script type=\"application\/ld+json\" class=\"yoast-schema-graph\">{\"@context\":\"https:\/\/schema.org\",\"@graph\":[{\"@type\":\"WebPage\",\"@id\":\"https:\/\/www.restatrade.ee\/en\/product\/cookware-set-professional-8-piece\/\",\"url\":\"https:\/\/www.restatrade.ee\/en\/product\/cookware-set-professional-8-piece\/\",\"name\":\"Cookware set Professional 8-piece - Restatrade\",\"isPartOf\":{\"@id\":\"https:\/\/www.restatrade.ee\/#website\"},\"primaryImageOfPage\":{\"@id\":\"https:\/\/www.restatrade.ee\/en\/product\/cookware-set-professional-8-piece\/#primaryimage\"},\"image\":{\"@id\":\"https:\/\/www.restatrade.ee\/en\/product\/cookware-set-professional-8-piece\/#primaryimage\"},\"thumbnailUrl\":\"https:\/\/www.restatrade.ee\/wp-content\/uploads\/2022\/09\/fea856e369362ad077a09fcfe1e8fb96.jpeg\",\"datePublished\":\"2023-01-09T19:00:36+00:00\",\"dateModified\":\"2025-09-25T01:52:42+00:00\",\"breadcrumb\":{\"@id\":\"https:\/\/www.restatrade.ee\/en\/product\/cookware-set-professional-8-piece\/#breadcrumb\"},\"inLanguage\":\"en-US\",\"potentialAction\":[{\"@type\":\"ReadAction\",\"target\":[\"https:\/\/www.restatrade.ee\/en\/product\/cookware-set-professional-8-piece\/\"]}]},{\"@type\":\"ImageObject\",\"inLanguage\":\"en-US\",\"@id\":\"https:\/\/www.restatrade.ee\/en\/product\/cookware-set-professional-8-piece\/#primaryimage\",\"url\":\"https:\/\/www.restatrade.ee\/wp-content\/uploads\/2022\/09\/fea856e369362ad077a09fcfe1e8fb96.jpeg\",\"contentUrl\":\"https:\/\/www.restatrade.ee\/wp-content\/uploads\/2022\/09\/fea856e369362ad077a09fcfe1e8fb96.jpeg\",\"width\":1500,\"height\":1232},{\"@type\":\"BreadcrumbList\",\"@id\":\"https:\/\/www.restatrade.ee\/en\/product\/cookware-set-professional-8-piece\/#breadcrumb\",\"itemListElement\":[{\"@type\":\"ListItem\",\"position\":1,\"name\":\"Home\",\"item\":\"https:\/\/www.restatrade.ee\/en\/\"},{\"@type\":\"ListItem\",\"position\":2,\"name\":\"Shop\",\"item\":\"https:\/\/www.restatrade.ee\/en\/shop\/\"},{\"@type\":\"ListItem\",\"position\":3,\"name\":\"Cookware set Professional 8-piece\"}]},{\"@type\":\"WebSite\",\"@id\":\"https:\/\/www.restatrade.ee\/#website\",\"url\":\"https:\/\/www.restatrade.ee\/\",\"name\":\"Restatrade\",\"description\":\"30 aastat HoReCa sektori k\u00f6\u00f6kide ja saalide varustamist\",\"publisher\":{\"@id\":\"https:\/\/www.restatrade.ee\/#organization\"},\"potentialAction\":[{\"@type\":\"SearchAction\",\"target\":{\"@type\":\"EntryPoint\",\"urlTemplate\":\"https:\/\/www.restatrade.ee\/?s={search_term_string}\"},\"query-input\":{\"@type\":\"PropertyValueSpecification\",\"valueRequired\":true,\"valueName\":\"search_term_string\"}}],\"inLanguage\":\"en-US\"},{\"@type\":\"Organization\",\"@id\":\"https:\/\/www.restatrade.ee\/#organization\",\"name\":\"Restatrade\",\"url\":\"https:\/\/www.restatrade.ee\/\",\"logo\":{\"@type\":\"ImageObject\",\"inLanguage\":\"en-US\",\"@id\":\"https:\/\/www.restatrade.ee\/#\/schema\/logo\/image\/\",\"url\":\"https:\/\/www.restatrade.ee\/wp-content\/uploads\/2022\/08\/logo.svg\",\"contentUrl\":\"https:\/\/www.restatrade.ee\/wp-content\/uploads\/2022\/08\/logo.svg\",\"caption\":\"Restatrade\"},\"image\":{\"@id\":\"https:\/\/www.restatrade.ee\/#\/schema\/logo\/image\/\"}}]}<\/script>\n<!-- \/ Yoast SEO plugin. -->","yoast_head_json":{"title":"Cookware set Professional 8-piece - Restatrade","robots":{"index":"index","follow":"follow","max-snippet":"max-snippet:-1","max-image-preview":"max-image-preview:large","max-video-preview":"max-video-preview:-1"},"canonical":"https:\/\/www.restatrade.ee\/en\/product\/cookware-set-professional-8-piece\/","twitter_card":"summary_large_image","twitter_title":"Cookware set Professional 8-piece - Restatrade","twitter_description":"Professional pot set made of chrome-nickel stainless steel 18\/10, pot body matt brushed. Stainless steel bottom with 6 mm aluminum in sandwich technique for optimal heat conduction and storage. Spot-welded, solid handles. With pouring rim for drip-free pouring. Suitable for all types of stoves. Suitable for dishwasher. The set includes three smaller cooking pots in&hellip; Continue reading Cookware set Professional 8-piece","twitter_image":"https:\/\/www.restatrade.ee\/wp-content\/uploads\/2022\/09\/fea856e369362ad077a09fcfe1e8fb96.jpeg","schema":{"@context":"https:\/\/schema.org","@graph":[{"@type":"WebPage","@id":"https:\/\/www.restatrade.ee\/en\/product\/cookware-set-professional-8-piece\/","url":"https:\/\/www.restatrade.ee\/en\/product\/cookware-set-professional-8-piece\/","name":"Cookware set Professional 8-piece - Restatrade","isPartOf":{"@id":"https:\/\/www.restatrade.ee\/#website"},"primaryImageOfPage":{"@id":"https:\/\/www.restatrade.ee\/en\/product\/cookware-set-professional-8-piece\/#primaryimage"},"image":{"@id":"https:\/\/www.restatrade.ee\/en\/product\/cookware-set-professional-8-piece\/#primaryimage"},"thumbnailUrl":"https:\/\/www.restatrade.ee\/wp-content\/uploads\/2022\/09\/fea856e369362ad077a09fcfe1e8fb96.jpeg","datePublished":"2023-01-09T19:00:36+00:00","dateModified":"2025-09-25T01:52:42+00:00","breadcrumb":{"@id":"https:\/\/www.restatrade.ee\/en\/product\/cookware-set-professional-8-piece\/#breadcrumb"},"inLanguage":"en-US","potentialAction":[{"@type":"ReadAction","target":["https:\/\/www.restatrade.ee\/en\/product\/cookware-set-professional-8-piece\/"]}]},{"@type":"ImageObject","inLanguage":"en-US","@id":"https:\/\/www.restatrade.ee\/en\/product\/cookware-set-professional-8-piece\/#primaryimage","url":"https:\/\/www.restatrade.ee\/wp-content\/uploads\/2022\/09\/fea856e369362ad077a09fcfe1e8fb96.jpeg","contentUrl":"https:\/\/www.restatrade.ee\/wp-content\/uploads\/2022\/09\/fea856e369362ad077a09fcfe1e8fb96.jpeg","width":1500,"height":1232},{"@type":"BreadcrumbList","@id":"https:\/\/www.restatrade.ee\/en\/product\/cookware-set-professional-8-piece\/#breadcrumb","itemListElement":[{"@type":"ListItem","position":1,"name":"Home","item":"https:\/\/www.restatrade.ee\/en\/"},{"@type":"ListItem","position":2,"name":"Shop","item":"https:\/\/www.restatrade.ee\/en\/shop\/"},{"@type":"ListItem","position":3,"name":"Cookware set Professional 8-piece"}]},{"@type":"WebSite","@id":"https:\/\/www.restatrade.ee\/#website","url":"https:\/\/www.restatrade.ee\/","name":"Restatrade","description":"30 aastat HoReCa sektori k\u00f6\u00f6kide ja saalide varustamist","publisher":{"@id":"https:\/\/www.restatrade.ee\/#organization"},"potentialAction":[{"@type":"SearchAction","target":{"@type":"EntryPoint","urlTemplate":"https:\/\/www.restatrade.ee\/?s={search_term_string}"},"query-input":{"@type":"PropertyValueSpecification","valueRequired":true,"valueName":"search_term_string"}}],"inLanguage":"en-US"},{"@type":"Organization","@id":"https:\/\/www.restatrade.ee\/#organization","name":"Restatrade","url":"https:\/\/www.restatrade.ee\/","logo":{"@type":"ImageObject","inLanguage":"en-US","@id":"https:\/\/www.restatrade.ee\/#\/schema\/logo\/image\/","url":"https:\/\/www.restatrade.ee\/wp-content\/uploads\/2022\/08\/logo.svg","contentUrl":"https:\/\/www.restatrade.ee\/wp-content\/uploads\/2022\/08\/logo.svg","caption":"Restatrade"},"image":{"@id":"https:\/\/www.restatrade.ee\/#\/schema\/logo\/image\/"}}]}},"_links":{"self":[{"href":"https:\/\/www.restatrade.ee\/en\/wp-json\/wp\/v2\/product\/157265","targetHints":{"allow":["GET"]}}],"collection":[{"href":"https:\/\/www.restatrade.ee\/en\/wp-json\/wp\/v2\/product"}],"about":[{"href":"https:\/\/www.restatrade.ee\/en\/wp-json\/wp\/v2\/types\/product"}],"replies":[{"embeddable":true,"href":"https:\/\/www.restatrade.ee\/en\/wp-json\/wp\/v2\/comments?post=157265"}],"wp:featuredmedia":[{"embeddable":true,"href":"https:\/\/www.restatrade.ee\/en\/wp-json\/wp\/v2\/media\/30496"}],"wp:attachment":[{"href":"https:\/\/www.restatrade.ee\/en\/wp-json\/wp\/v2\/media?parent=157265"}],"wp:term":[{"taxonomy":"product_brand","embeddable":true,"href":"https:\/\/www.restatrade.ee\/en\/wp-json\/wp\/v2\/product_brand?post=157265"},{"taxonomy":"product_cat","embeddable":true,"href":"https:\/\/www.restatrade.ee\/en\/wp-json\/wp\/v2\/product_cat?post=157265"},{"taxonomy":"product_tag","embeddable":true,"href":"https:\/\/www.restatrade.ee\/en\/wp-json\/wp\/v2\/product_tag?post=157265"}],"curies":[{"name":"wp","href":"https:\/\/api.w.org\/{rel}","templated":true}]}}