{"id":158548,"date":"2023-01-25T14:26:07","date_gmt":"2023-01-25T14:26:07","guid":{"rendered":"https:\/\/restatrade.ee\/product\/sample-customizing-pallais-with-logo-grand-hotel\/"},"modified":"2024-10-13T07:41:06","modified_gmt":"2024-10-13T07:41:06","slug":"sample-customizing-pallais-with-logo-grand-hotel","status":"publish","type":"product","link":"https:\/\/www.restatrade.ee\/en\/product\/sample-customizing-pallais-with-logo-grand-hotel\/","title":{"rendered":"Sample customizing Pallais with logo Grand Hotel"},"content":{"rendered":"<p>Not quite sure which porcelain series best suits your ambience? Use our sample service and order the sample set for the Pallais porcelain series. The sample set of the Pallais porcelain range (dinner service) contains 1 flat plate \u00d8 28.5 cm, 1 deep plate \u00d8 24.5 cm and 1 bowl \u00d8 24 cm. Sample items are priced with a nominal charge, if you do not like them we will of course refund the nominal charge. Please contact our customer service for this.<\/p>\n","protected":false},"excerpt":{"rendered":"<p>Not quite sure which porcelain series best suits your ambience? Use our sample service and order the sample set for the Pallais porcelain series. The sample set of the Pallais porcelain range (dinner service) contains 1 flat plate \u00d8 28.5 cm, 1 deep plate \u00d8 24.5 cm and 1 bowl \u00d8 24 cm. Sample items&hellip; <a class=\"more-link\" href=\"https:\/\/www.restatrade.ee\/en\/product\/sample-customizing-pallais-with-logo-grand-hotel\/\">Continue reading <span class=\"screen-reader-text\">Sample customizing Pallais with logo Grand Hotel<\/span><\/a><\/p>\n","protected":false},"featured_media":39864,"comment_status":"closed","ping_status":"open","template":"","meta":{"_acf_changed":false},"product_brand":[],"product_cat":[],"product_tag":[],"class_list":{"0":"post-158548","1":"product","2":"type-product","3":"status-publish","4":"has-post-thumbnail","6":"pa_color-white","7":"entry","9":"first","10":"instock","11":"taxable","12":"shipping-taxable","13":"purchasable","14":"product-type-variable","15":"has-default-attributes"},"acf":[],"yoast_head":"<!-- This site is optimized with the Yoast SEO plugin v27.0 - https:\/\/yoast.com\/product\/yoast-seo-wordpress\/ -->\n<title>Sample customizing Pallais with logo Grand Hotel - Restatrade<\/title>\n<meta name=\"robots\" content=\"index, follow, max-snippet:-1, max-image-preview:large, max-video-preview:-1\" \/>\n<link rel=\"canonical\" href=\"https:\/\/www.restatrade.ee\/product\/sample-customizing-pallais-with-logo-grand-hotel\/\" \/>\n<meta name=\"twitter:card\" content=\"summary_large_image\" \/>\n<meta name=\"twitter:title\" content=\"Sample customizing Pallais with logo Grand Hotel - Restatrade\" \/>\n<meta name=\"twitter:description\" content=\"Not quite sure which porcelain series best suits your ambience? Use our sample service and order the sample set for the Pallais porcelain series. The sample set of the Pallais porcelain range (dinner service) contains 1 flat plate \u00d8 28.5 cm, 1 deep plate \u00d8 24.5 cm and 1 bowl \u00d8 24 cm. Sample items&hellip; Continue reading Sample customizing Pallais with logo Grand Hotel\" \/>\n<meta name=\"twitter:image\" content=\"https:\/\/www.restatrade.ee\/wp-content\/uploads\/2022\/09\/0225225bf3f5736eb44fa7ee5872a3b0.jpeg\" \/>\n<script type=\"application\/ld+json\" class=\"yoast-schema-graph\">{\"@context\":\"https:\/\/schema.org\",\"@graph\":[{\"@type\":\"WebPage\",\"@id\":\"https:\/\/www.restatrade.ee\/product\/sample-customizing-pallais-with-logo-grand-hotel\/\",\"url\":\"https:\/\/www.restatrade.ee\/product\/sample-customizing-pallais-with-logo-grand-hotel\/\",\"name\":\"Sample customizing Pallais with logo Grand Hotel - Restatrade\",\"isPartOf\":{\"@id\":\"https:\/\/www.restatrade.ee\/#website\"},\"primaryImageOfPage\":{\"@id\":\"https:\/\/www.restatrade.ee\/product\/sample-customizing-pallais-with-logo-grand-hotel\/#primaryimage\"},\"image\":{\"@id\":\"https:\/\/www.restatrade.ee\/product\/sample-customizing-pallais-with-logo-grand-hotel\/#primaryimage\"},\"thumbnailUrl\":\"https:\/\/www.restatrade.ee\/wp-content\/uploads\/2022\/09\/0225225bf3f5736eb44fa7ee5872a3b0.jpeg\",\"datePublished\":\"2023-01-25T14:26:07+00:00\",\"dateModified\":\"2024-10-13T07:41:06+00:00\",\"breadcrumb\":{\"@id\":\"https:\/\/www.restatrade.ee\/product\/sample-customizing-pallais-with-logo-grand-hotel\/#breadcrumb\"},\"inLanguage\":\"en-US\",\"potentialAction\":[{\"@type\":\"ReadAction\",\"target\":[\"https:\/\/www.restatrade.ee\/product\/sample-customizing-pallais-with-logo-grand-hotel\/\"]}]},{\"@type\":\"ImageObject\",\"inLanguage\":\"en-US\",\"@id\":\"https:\/\/www.restatrade.ee\/product\/sample-customizing-pallais-with-logo-grand-hotel\/#primaryimage\",\"url\":\"https:\/\/www.restatrade.ee\/wp-content\/uploads\/2022\/09\/0225225bf3f5736eb44fa7ee5872a3b0.jpeg\",\"contentUrl\":\"https:\/\/www.restatrade.ee\/wp-content\/uploads\/2022\/09\/0225225bf3f5736eb44fa7ee5872a3b0.jpeg\",\"width\":1500,\"height\":1000},{\"@type\":\"BreadcrumbList\",\"@id\":\"https:\/\/www.restatrade.ee\/product\/sample-customizing-pallais-with-logo-grand-hotel\/#breadcrumb\",\"itemListElement\":[{\"@type\":\"ListItem\",\"position\":1,\"name\":\"Home\",\"item\":\"https:\/\/www.restatrade.ee\/en\/\"},{\"@type\":\"ListItem\",\"position\":2,\"name\":\"Shop\",\"item\":\"https:\/\/www.restatrade.ee\/en\/shop\/\"},{\"@type\":\"ListItem\",\"position\":3,\"name\":\"Sample customizing Pallais with logo Grand Hotel\"}]},{\"@type\":\"WebSite\",\"@id\":\"https:\/\/www.restatrade.ee\/#website\",\"url\":\"https:\/\/www.restatrade.ee\/\",\"name\":\"Restatrade\",\"description\":\"30 aastat HoReCa sektori k\u00f6\u00f6kide ja saalide varustamist\",\"publisher\":{\"@id\":\"https:\/\/www.restatrade.ee\/#organization\"},\"potentialAction\":[{\"@type\":\"SearchAction\",\"target\":{\"@type\":\"EntryPoint\",\"urlTemplate\":\"https:\/\/www.restatrade.ee\/?s={search_term_string}\"},\"query-input\":{\"@type\":\"PropertyValueSpecification\",\"valueRequired\":true,\"valueName\":\"search_term_string\"}}],\"inLanguage\":\"en-US\"},{\"@type\":\"Organization\",\"@id\":\"https:\/\/www.restatrade.ee\/#organization\",\"name\":\"Restatrade\",\"url\":\"https:\/\/www.restatrade.ee\/\",\"logo\":{\"@type\":\"ImageObject\",\"inLanguage\":\"en-US\",\"@id\":\"https:\/\/www.restatrade.ee\/#\/schema\/logo\/image\/\",\"url\":\"https:\/\/www.restatrade.ee\/wp-content\/uploads\/2022\/08\/logo.svg\",\"contentUrl\":\"https:\/\/www.restatrade.ee\/wp-content\/uploads\/2022\/08\/logo.svg\",\"caption\":\"Restatrade\"},\"image\":{\"@id\":\"https:\/\/www.restatrade.ee\/#\/schema\/logo\/image\/\"}}]}<\/script>\n<!-- \/ Yoast SEO plugin. -->","yoast_head_json":{"title":"Sample customizing Pallais with logo Grand Hotel - Restatrade","robots":{"index":"index","follow":"follow","max-snippet":"max-snippet:-1","max-image-preview":"max-image-preview:large","max-video-preview":"max-video-preview:-1"},"canonical":"https:\/\/www.restatrade.ee\/product\/sample-customizing-pallais-with-logo-grand-hotel\/","twitter_card":"summary_large_image","twitter_title":"Sample customizing Pallais with logo Grand Hotel - Restatrade","twitter_description":"Not quite sure which porcelain series best suits your ambience? Use our sample service and order the sample set for the Pallais porcelain series. The sample set of the Pallais porcelain range (dinner service) contains 1 flat plate \u00d8 28.5 cm, 1 deep plate \u00d8 24.5 cm and 1 bowl \u00d8 24 cm. Sample items&hellip; Continue reading Sample customizing Pallais with logo Grand Hotel","twitter_image":"https:\/\/www.restatrade.ee\/wp-content\/uploads\/2022\/09\/0225225bf3f5736eb44fa7ee5872a3b0.jpeg","schema":{"@context":"https:\/\/schema.org","@graph":[{"@type":"WebPage","@id":"https:\/\/www.restatrade.ee\/product\/sample-customizing-pallais-with-logo-grand-hotel\/","url":"https:\/\/www.restatrade.ee\/product\/sample-customizing-pallais-with-logo-grand-hotel\/","name":"Sample customizing Pallais with logo Grand Hotel - Restatrade","isPartOf":{"@id":"https:\/\/www.restatrade.ee\/#website"},"primaryImageOfPage":{"@id":"https:\/\/www.restatrade.ee\/product\/sample-customizing-pallais-with-logo-grand-hotel\/#primaryimage"},"image":{"@id":"https:\/\/www.restatrade.ee\/product\/sample-customizing-pallais-with-logo-grand-hotel\/#primaryimage"},"thumbnailUrl":"https:\/\/www.restatrade.ee\/wp-content\/uploads\/2022\/09\/0225225bf3f5736eb44fa7ee5872a3b0.jpeg","datePublished":"2023-01-25T14:26:07+00:00","dateModified":"2024-10-13T07:41:06+00:00","breadcrumb":{"@id":"https:\/\/www.restatrade.ee\/product\/sample-customizing-pallais-with-logo-grand-hotel\/#breadcrumb"},"inLanguage":"en-US","potentialAction":[{"@type":"ReadAction","target":["https:\/\/www.restatrade.ee\/product\/sample-customizing-pallais-with-logo-grand-hotel\/"]}]},{"@type":"ImageObject","inLanguage":"en-US","@id":"https:\/\/www.restatrade.ee\/product\/sample-customizing-pallais-with-logo-grand-hotel\/#primaryimage","url":"https:\/\/www.restatrade.ee\/wp-content\/uploads\/2022\/09\/0225225bf3f5736eb44fa7ee5872a3b0.jpeg","contentUrl":"https:\/\/www.restatrade.ee\/wp-content\/uploads\/2022\/09\/0225225bf3f5736eb44fa7ee5872a3b0.jpeg","width":1500,"height":1000},{"@type":"BreadcrumbList","@id":"https:\/\/www.restatrade.ee\/product\/sample-customizing-pallais-with-logo-grand-hotel\/#breadcrumb","itemListElement":[{"@type":"ListItem","position":1,"name":"Home","item":"https:\/\/www.restatrade.ee\/en\/"},{"@type":"ListItem","position":2,"name":"Shop","item":"https:\/\/www.restatrade.ee\/en\/shop\/"},{"@type":"ListItem","position":3,"name":"Sample customizing Pallais with logo Grand Hotel"}]},{"@type":"WebSite","@id":"https:\/\/www.restatrade.ee\/#website","url":"https:\/\/www.restatrade.ee\/","name":"Restatrade","description":"30 aastat HoReCa sektori k\u00f6\u00f6kide ja saalide varustamist","publisher":{"@id":"https:\/\/www.restatrade.ee\/#organization"},"potentialAction":[{"@type":"SearchAction","target":{"@type":"EntryPoint","urlTemplate":"https:\/\/www.restatrade.ee\/?s={search_term_string}"},"query-input":{"@type":"PropertyValueSpecification","valueRequired":true,"valueName":"search_term_string"}}],"inLanguage":"en-US"},{"@type":"Organization","@id":"https:\/\/www.restatrade.ee\/#organization","name":"Restatrade","url":"https:\/\/www.restatrade.ee\/","logo":{"@type":"ImageObject","inLanguage":"en-US","@id":"https:\/\/www.restatrade.ee\/#\/schema\/logo\/image\/","url":"https:\/\/www.restatrade.ee\/wp-content\/uploads\/2022\/08\/logo.svg","contentUrl":"https:\/\/www.restatrade.ee\/wp-content\/uploads\/2022\/08\/logo.svg","caption":"Restatrade"},"image":{"@id":"https:\/\/www.restatrade.ee\/#\/schema\/logo\/image\/"}}]}},"_links":{"self":[{"href":"https:\/\/www.restatrade.ee\/en\/wp-json\/wp\/v2\/product\/158548","targetHints":{"allow":["GET"]}}],"collection":[{"href":"https:\/\/www.restatrade.ee\/en\/wp-json\/wp\/v2\/product"}],"about":[{"href":"https:\/\/www.restatrade.ee\/en\/wp-json\/wp\/v2\/types\/product"}],"replies":[{"embeddable":true,"href":"https:\/\/www.restatrade.ee\/en\/wp-json\/wp\/v2\/comments?post=158548"}],"wp:featuredmedia":[{"embeddable":true,"href":"https:\/\/www.restatrade.ee\/en\/wp-json\/wp\/v2\/media\/39864"}],"wp:attachment":[{"href":"https:\/\/www.restatrade.ee\/en\/wp-json\/wp\/v2\/media?parent=158548"}],"wp:term":[{"taxonomy":"product_brand","embeddable":true,"href":"https:\/\/www.restatrade.ee\/en\/wp-json\/wp\/v2\/product_brand?post=158548"},{"taxonomy":"product_cat","embeddable":true,"href":"https:\/\/www.restatrade.ee\/en\/wp-json\/wp\/v2\/product_cat?post=158548"},{"taxonomy":"product_tag","embeddable":true,"href":"https:\/\/www.restatrade.ee\/en\/wp-json\/wp\/v2\/product_tag?post=158548"}],"curies":[{"name":"wp","href":"https:\/\/api.w.org\/{rel}","templated":true}]}}