{"id":165385,"date":"2023-07-24T22:00:31","date_gmt":"2023-07-24T22:00:31","guid":{"rendered":"https:\/\/restatrade.ee\/product\/porcelain-sample-set-zurich-3-piece\/"},"modified":"2025-09-26T04:20:14","modified_gmt":"2025-09-26T04:20:14","slug":"porcelain-sample-set-zurich-3-piece","status":"publish","type":"product","link":"https:\/\/www.restatrade.ee\/en\/product\/porcelain-sample-set-zurich-3-piece\/","title":{"rendered":"Porcelain sample set Z\u00fcrich 3-piece"},"content":{"rendered":"<p>Use our sample service. The following samples are included: Flat plate, \u00d8 27 cm Deep plate \u00d8 22.5 cm Small bowl \u00d8xH 14&#215;4.5\u00a0cm Sample items require a deposit but this will be refunded if the samples are not what you are looking for. Please get in touch with our customer service team for more details.<\/p>\n","protected":false},"excerpt":{"rendered":"<p>Use our sample service. The following samples are included: Flat plate, \u00d8 27 cm Deep plate \u00d8 22.5 cm Small bowl \u00d8xH 14&#215;4.5\u00a0cm Sample items require a deposit but this will be refunded if the samples are not what you are looking for. Please get in touch with our customer service team for more details.<\/p>\n","protected":false},"featured_media":165387,"comment_status":"closed","ping_status":"open","template":"","meta":{"_acf_changed":false},"product_brand":[],"product_cat":[],"product_tag":[],"class_list":{"0":"post-165385","1":"product","2":"type-product","3":"status-publish","4":"has-post-thumbnail","6":"pa_color-white","7":"entry","9":"first","10":"outofstock","11":"taxable","12":"shipping-taxable","13":"purchasable","14":"product-type-variable","15":"has-default-attributes"},"acf":[],"yoast_head":"<!-- This site is optimized with the Yoast SEO plugin v27.0 - https:\/\/yoast.com\/product\/yoast-seo-wordpress\/ -->\n<title>Porcelain sample set Z\u00fcrich 3-piece - Restatrade<\/title>\n<meta name=\"robots\" content=\"index, follow, max-snippet:-1, max-image-preview:large, max-video-preview:-1\" \/>\n<link rel=\"canonical\" href=\"https:\/\/www.restatrade.ee\/product\/porcelain-sample-set-zurich-3-piece\/\" \/>\n<meta name=\"twitter:card\" content=\"summary_large_image\" \/>\n<meta name=\"twitter:title\" content=\"Porcelain sample set Z\u00fcrich 3-piece - Restatrade\" \/>\n<meta name=\"twitter:description\" content=\"Use our sample service. The following samples are included: Flat plate, \u00d8 27 cm Deep plate \u00d8 22.5 cm Small bowl \u00d8xH 14&#215;4.5\u00a0cm Sample items require a deposit but this will be refunded if the samples are not what you are looking for. Please get in touch with our customer service team for more details.\" \/>\n<meta name=\"twitter:image\" content=\"https:\/\/www.restatrade.ee\/wp-content\/uploads\/2023\/07\/741e63c635913d8024aa3952feaa3446.jpeg\" \/>\n<script type=\"application\/ld+json\" class=\"yoast-schema-graph\">{\"@context\":\"https:\/\/schema.org\",\"@graph\":[{\"@type\":\"WebPage\",\"@id\":\"https:\/\/www.restatrade.ee\/product\/porcelain-sample-set-zurich-3-piece\/\",\"url\":\"https:\/\/www.restatrade.ee\/product\/porcelain-sample-set-zurich-3-piece\/\",\"name\":\"Porcelain sample set Z\u00fcrich 3-piece - Restatrade\",\"isPartOf\":{\"@id\":\"https:\/\/www.restatrade.ee\/#website\"},\"primaryImageOfPage\":{\"@id\":\"https:\/\/www.restatrade.ee\/product\/porcelain-sample-set-zurich-3-piece\/#primaryimage\"},\"image\":{\"@id\":\"https:\/\/www.restatrade.ee\/product\/porcelain-sample-set-zurich-3-piece\/#primaryimage\"},\"thumbnailUrl\":\"https:\/\/www.restatrade.ee\/wp-content\/uploads\/2023\/07\/741e63c635913d8024aa3952feaa3446.jpeg\",\"datePublished\":\"2023-07-24T22:00:31+00:00\",\"dateModified\":\"2025-09-26T04:20:14+00:00\",\"breadcrumb\":{\"@id\":\"https:\/\/www.restatrade.ee\/product\/porcelain-sample-set-zurich-3-piece\/#breadcrumb\"},\"inLanguage\":\"en-US\",\"potentialAction\":[{\"@type\":\"ReadAction\",\"target\":[\"https:\/\/www.restatrade.ee\/product\/porcelain-sample-set-zurich-3-piece\/\"]}]},{\"@type\":\"ImageObject\",\"inLanguage\":\"en-US\",\"@id\":\"https:\/\/www.restatrade.ee\/product\/porcelain-sample-set-zurich-3-piece\/#primaryimage\",\"url\":\"https:\/\/www.restatrade.ee\/wp-content\/uploads\/2023\/07\/741e63c635913d8024aa3952feaa3446.jpeg\",\"contentUrl\":\"https:\/\/www.restatrade.ee\/wp-content\/uploads\/2023\/07\/741e63c635913d8024aa3952feaa3446.jpeg\",\"width\":1500,\"height\":1000},{\"@type\":\"BreadcrumbList\",\"@id\":\"https:\/\/www.restatrade.ee\/product\/porcelain-sample-set-zurich-3-piece\/#breadcrumb\",\"itemListElement\":[{\"@type\":\"ListItem\",\"position\":1,\"name\":\"Home\",\"item\":\"https:\/\/www.restatrade.ee\/en\/\"},{\"@type\":\"ListItem\",\"position\":2,\"name\":\"Shop\",\"item\":\"https:\/\/www.restatrade.ee\/en\/shop\/\"},{\"@type\":\"ListItem\",\"position\":3,\"name\":\"Porcelain sample set Z\u00fcrich 3-piece\"}]},{\"@type\":\"WebSite\",\"@id\":\"https:\/\/www.restatrade.ee\/#website\",\"url\":\"https:\/\/www.restatrade.ee\/\",\"name\":\"Restatrade\",\"description\":\"30 aastat HoReCa sektori k\u00f6\u00f6kide ja saalide varustamist\",\"publisher\":{\"@id\":\"https:\/\/www.restatrade.ee\/#organization\"},\"potentialAction\":[{\"@type\":\"SearchAction\",\"target\":{\"@type\":\"EntryPoint\",\"urlTemplate\":\"https:\/\/www.restatrade.ee\/?s={search_term_string}\"},\"query-input\":{\"@type\":\"PropertyValueSpecification\",\"valueRequired\":true,\"valueName\":\"search_term_string\"}}],\"inLanguage\":\"en-US\"},{\"@type\":\"Organization\",\"@id\":\"https:\/\/www.restatrade.ee\/#organization\",\"name\":\"Restatrade\",\"url\":\"https:\/\/www.restatrade.ee\/\",\"logo\":{\"@type\":\"ImageObject\",\"inLanguage\":\"en-US\",\"@id\":\"https:\/\/www.restatrade.ee\/#\/schema\/logo\/image\/\",\"url\":\"https:\/\/www.restatrade.ee\/wp-content\/uploads\/2022\/08\/logo.svg\",\"contentUrl\":\"https:\/\/www.restatrade.ee\/wp-content\/uploads\/2022\/08\/logo.svg\",\"caption\":\"Restatrade\"},\"image\":{\"@id\":\"https:\/\/www.restatrade.ee\/#\/schema\/logo\/image\/\"}}]}<\/script>\n<!-- \/ Yoast SEO plugin. -->","yoast_head_json":{"title":"Porcelain sample set Z\u00fcrich 3-piece - Restatrade","robots":{"index":"index","follow":"follow","max-snippet":"max-snippet:-1","max-image-preview":"max-image-preview:large","max-video-preview":"max-video-preview:-1"},"canonical":"https:\/\/www.restatrade.ee\/product\/porcelain-sample-set-zurich-3-piece\/","twitter_card":"summary_large_image","twitter_title":"Porcelain sample set Z\u00fcrich 3-piece - Restatrade","twitter_description":"Use our sample service. The following samples are included: Flat plate, \u00d8 27 cm Deep plate \u00d8 22.5 cm Small bowl \u00d8xH 14&#215;4.5\u00a0cm Sample items require a deposit but this will be refunded if the samples are not what you are looking for. Please get in touch with our customer service team for more details.","twitter_image":"https:\/\/www.restatrade.ee\/wp-content\/uploads\/2023\/07\/741e63c635913d8024aa3952feaa3446.jpeg","schema":{"@context":"https:\/\/schema.org","@graph":[{"@type":"WebPage","@id":"https:\/\/www.restatrade.ee\/product\/porcelain-sample-set-zurich-3-piece\/","url":"https:\/\/www.restatrade.ee\/product\/porcelain-sample-set-zurich-3-piece\/","name":"Porcelain sample set Z\u00fcrich 3-piece - Restatrade","isPartOf":{"@id":"https:\/\/www.restatrade.ee\/#website"},"primaryImageOfPage":{"@id":"https:\/\/www.restatrade.ee\/product\/porcelain-sample-set-zurich-3-piece\/#primaryimage"},"image":{"@id":"https:\/\/www.restatrade.ee\/product\/porcelain-sample-set-zurich-3-piece\/#primaryimage"},"thumbnailUrl":"https:\/\/www.restatrade.ee\/wp-content\/uploads\/2023\/07\/741e63c635913d8024aa3952feaa3446.jpeg","datePublished":"2023-07-24T22:00:31+00:00","dateModified":"2025-09-26T04:20:14+00:00","breadcrumb":{"@id":"https:\/\/www.restatrade.ee\/product\/porcelain-sample-set-zurich-3-piece\/#breadcrumb"},"inLanguage":"en-US","potentialAction":[{"@type":"ReadAction","target":["https:\/\/www.restatrade.ee\/product\/porcelain-sample-set-zurich-3-piece\/"]}]},{"@type":"ImageObject","inLanguage":"en-US","@id":"https:\/\/www.restatrade.ee\/product\/porcelain-sample-set-zurich-3-piece\/#primaryimage","url":"https:\/\/www.restatrade.ee\/wp-content\/uploads\/2023\/07\/741e63c635913d8024aa3952feaa3446.jpeg","contentUrl":"https:\/\/www.restatrade.ee\/wp-content\/uploads\/2023\/07\/741e63c635913d8024aa3952feaa3446.jpeg","width":1500,"height":1000},{"@type":"BreadcrumbList","@id":"https:\/\/www.restatrade.ee\/product\/porcelain-sample-set-zurich-3-piece\/#breadcrumb","itemListElement":[{"@type":"ListItem","position":1,"name":"Home","item":"https:\/\/www.restatrade.ee\/en\/"},{"@type":"ListItem","position":2,"name":"Shop","item":"https:\/\/www.restatrade.ee\/en\/shop\/"},{"@type":"ListItem","position":3,"name":"Porcelain sample set Z\u00fcrich 3-piece"}]},{"@type":"WebSite","@id":"https:\/\/www.restatrade.ee\/#website","url":"https:\/\/www.restatrade.ee\/","name":"Restatrade","description":"30 aastat HoReCa sektori k\u00f6\u00f6kide ja saalide varustamist","publisher":{"@id":"https:\/\/www.restatrade.ee\/#organization"},"potentialAction":[{"@type":"SearchAction","target":{"@type":"EntryPoint","urlTemplate":"https:\/\/www.restatrade.ee\/?s={search_term_string}"},"query-input":{"@type":"PropertyValueSpecification","valueRequired":true,"valueName":"search_term_string"}}],"inLanguage":"en-US"},{"@type":"Organization","@id":"https:\/\/www.restatrade.ee\/#organization","name":"Restatrade","url":"https:\/\/www.restatrade.ee\/","logo":{"@type":"ImageObject","inLanguage":"en-US","@id":"https:\/\/www.restatrade.ee\/#\/schema\/logo\/image\/","url":"https:\/\/www.restatrade.ee\/wp-content\/uploads\/2022\/08\/logo.svg","contentUrl":"https:\/\/www.restatrade.ee\/wp-content\/uploads\/2022\/08\/logo.svg","caption":"Restatrade"},"image":{"@id":"https:\/\/www.restatrade.ee\/#\/schema\/logo\/image\/"}}]}},"_links":{"self":[{"href":"https:\/\/www.restatrade.ee\/en\/wp-json\/wp\/v2\/product\/165385","targetHints":{"allow":["GET"]}}],"collection":[{"href":"https:\/\/www.restatrade.ee\/en\/wp-json\/wp\/v2\/product"}],"about":[{"href":"https:\/\/www.restatrade.ee\/en\/wp-json\/wp\/v2\/types\/product"}],"replies":[{"embeddable":true,"href":"https:\/\/www.restatrade.ee\/en\/wp-json\/wp\/v2\/comments?post=165385"}],"wp:featuredmedia":[{"embeddable":true,"href":"https:\/\/www.restatrade.ee\/en\/wp-json\/wp\/v2\/media\/165387"}],"wp:attachment":[{"href":"https:\/\/www.restatrade.ee\/en\/wp-json\/wp\/v2\/media?parent=165385"}],"wp:term":[{"taxonomy":"product_brand","embeddable":true,"href":"https:\/\/www.restatrade.ee\/en\/wp-json\/wp\/v2\/product_brand?post=165385"},{"taxonomy":"product_cat","embeddable":true,"href":"https:\/\/www.restatrade.ee\/en\/wp-json\/wp\/v2\/product_cat?post=165385"},{"taxonomy":"product_tag","embeddable":true,"href":"https:\/\/www.restatrade.ee\/en\/wp-json\/wp\/v2\/product_tag?post=165385"}],"curies":[{"name":"wp","href":"https:\/\/api.w.org\/{rel}","templated":true}]}}