{"id":170953,"date":"2023-10-19T09:50:12","date_gmt":"2023-10-19T09:50:12","guid":{"rendered":"https:\/\/restatrade.ee\/product\/sample-set-ponta-3-tlg\/"},"modified":"2025-09-25T13:31:19","modified_gmt":"2025-09-25T13:31:19","slug":"porcelain-sample-set-ponta-three-pieces","status":"publish","type":"product","link":"https:\/\/www.restatrade.ee\/en\/product\/porcelain-sample-set-ponta-three-pieces\/","title":{"rendered":"Porcelain sample set Ponta  Three pieces"},"content":{"rendered":"<p>Use our sample service. The following samples are included: Flat plate, \u00d8 20.5 cm Flat plate, \u00d8 24.5 cm Deep plate, \u00d8 20 cm Sample items require a deposit but this will be refunded if the samples are not what you are looking for. Please get in touch with our customer service team for more details.<\/p>\n","protected":false},"excerpt":{"rendered":"<p>Use our sample service. The following samples are included: Flat plate, \u00d8 20.5 cm Flat plate, \u00d8 24.5 cm Deep plate, \u00d8 20 cm Sample items require a deposit but this will be refunded if the samples are not what you are looking for. Please get in touch with our customer service team for more&hellip; <a class=\"more-link\" href=\"https:\/\/www.restatrade.ee\/en\/product\/porcelain-sample-set-ponta-three-pieces\/\">Continue reading <span class=\"screen-reader-text\">Porcelain sample set Ponta  Three pieces<\/span><\/a><\/p>\n","protected":false},"featured_media":174744,"comment_status":"closed","ping_status":"open","template":"","meta":{"_acf_changed":false},"product_brand":[],"product_cat":[],"product_tag":[],"class_list":{"0":"post-170953","1":"product","2":"type-product","3":"status-publish","4":"has-post-thumbnail","6":"pa_color-white","7":"entry","9":"first","10":"instock","11":"taxable","12":"shipping-taxable","13":"purchasable","14":"product-type-variable"},"acf":[],"yoast_head":"<!-- This site is optimized with the Yoast SEO plugin v27.0 - https:\/\/yoast.com\/product\/yoast-seo-wordpress\/ -->\n<title>Porcelain sample set Ponta Three pieces - Restatrade<\/title>\n<meta name=\"robots\" content=\"index, follow, max-snippet:-1, max-image-preview:large, max-video-preview:-1\" \/>\n<link rel=\"canonical\" href=\"https:\/\/www.restatrade.ee\/product\/porcelain-sample-set-ponta-three-pieces\/\" \/>\n<meta name=\"twitter:card\" content=\"summary_large_image\" \/>\n<meta name=\"twitter:title\" content=\"Porcelain sample set Ponta Three pieces - Restatrade\" \/>\n<meta name=\"twitter:description\" content=\"Use our sample service. The following samples are included: Flat plate, \u00d8 20.5 cm Flat plate, \u00d8 24.5 cm Deep plate, \u00d8 20 cm Sample items require a deposit but this will be refunded if the samples are not what you are looking for. Please get in touch with our customer service team for more&hellip; Continue reading Porcelain sample set Ponta Three pieces\" \/>\n<meta name=\"twitter:image\" content=\"https:\/\/www.restatrade.ee\/wp-content\/uploads\/2023\/11\/9858e63f9dba6e8e3ed0bbc69a46956d.jpeg\" \/>\n<script type=\"application\/ld+json\" class=\"yoast-schema-graph\">{\"@context\":\"https:\/\/schema.org\",\"@graph\":[{\"@type\":\"WebPage\",\"@id\":\"https:\/\/www.restatrade.ee\/product\/porcelain-sample-set-ponta-three-pieces\/\",\"url\":\"https:\/\/www.restatrade.ee\/product\/porcelain-sample-set-ponta-three-pieces\/\",\"name\":\"Porcelain sample set Ponta Three pieces - Restatrade\",\"isPartOf\":{\"@id\":\"https:\/\/www.restatrade.ee\/#website\"},\"primaryImageOfPage\":{\"@id\":\"https:\/\/www.restatrade.ee\/product\/porcelain-sample-set-ponta-three-pieces\/#primaryimage\"},\"image\":{\"@id\":\"https:\/\/www.restatrade.ee\/product\/porcelain-sample-set-ponta-three-pieces\/#primaryimage\"},\"thumbnailUrl\":\"https:\/\/www.restatrade.ee\/wp-content\/uploads\/2023\/11\/9858e63f9dba6e8e3ed0bbc69a46956d.jpeg\",\"datePublished\":\"2023-10-19T09:50:12+00:00\",\"dateModified\":\"2025-09-25T13:31:19+00:00\",\"breadcrumb\":{\"@id\":\"https:\/\/www.restatrade.ee\/product\/porcelain-sample-set-ponta-three-pieces\/#breadcrumb\"},\"inLanguage\":\"en-US\",\"potentialAction\":[{\"@type\":\"ReadAction\",\"target\":[\"https:\/\/www.restatrade.ee\/product\/porcelain-sample-set-ponta-three-pieces\/\"]}]},{\"@type\":\"ImageObject\",\"inLanguage\":\"en-US\",\"@id\":\"https:\/\/www.restatrade.ee\/product\/porcelain-sample-set-ponta-three-pieces\/#primaryimage\",\"url\":\"https:\/\/www.restatrade.ee\/wp-content\/uploads\/2023\/11\/9858e63f9dba6e8e3ed0bbc69a46956d.jpeg\",\"contentUrl\":\"https:\/\/www.restatrade.ee\/wp-content\/uploads\/2023\/11\/9858e63f9dba6e8e3ed0bbc69a46956d.jpeg\",\"width\":1500,\"height\":1500},{\"@type\":\"BreadcrumbList\",\"@id\":\"https:\/\/www.restatrade.ee\/product\/porcelain-sample-set-ponta-three-pieces\/#breadcrumb\",\"itemListElement\":[{\"@type\":\"ListItem\",\"position\":1,\"name\":\"Home\",\"item\":\"https:\/\/www.restatrade.ee\/en\/\"},{\"@type\":\"ListItem\",\"position\":2,\"name\":\"Shop\",\"item\":\"https:\/\/www.restatrade.ee\/en\/shop\/\"},{\"@type\":\"ListItem\",\"position\":3,\"name\":\"Porcelain sample set Ponta Three pieces\"}]},{\"@type\":\"WebSite\",\"@id\":\"https:\/\/www.restatrade.ee\/#website\",\"url\":\"https:\/\/www.restatrade.ee\/\",\"name\":\"Restatrade\",\"description\":\"30 aastat HoReCa sektori k\u00f6\u00f6kide ja saalide varustamist\",\"publisher\":{\"@id\":\"https:\/\/www.restatrade.ee\/#organization\"},\"potentialAction\":[{\"@type\":\"SearchAction\",\"target\":{\"@type\":\"EntryPoint\",\"urlTemplate\":\"https:\/\/www.restatrade.ee\/?s={search_term_string}\"},\"query-input\":{\"@type\":\"PropertyValueSpecification\",\"valueRequired\":true,\"valueName\":\"search_term_string\"}}],\"inLanguage\":\"en-US\"},{\"@type\":\"Organization\",\"@id\":\"https:\/\/www.restatrade.ee\/#organization\",\"name\":\"Restatrade\",\"url\":\"https:\/\/www.restatrade.ee\/\",\"logo\":{\"@type\":\"ImageObject\",\"inLanguage\":\"en-US\",\"@id\":\"https:\/\/www.restatrade.ee\/#\/schema\/logo\/image\/\",\"url\":\"https:\/\/www.restatrade.ee\/wp-content\/uploads\/2022\/08\/logo.svg\",\"contentUrl\":\"https:\/\/www.restatrade.ee\/wp-content\/uploads\/2022\/08\/logo.svg\",\"caption\":\"Restatrade\"},\"image\":{\"@id\":\"https:\/\/www.restatrade.ee\/#\/schema\/logo\/image\/\"}}]}<\/script>\n<!-- \/ Yoast SEO plugin. -->","yoast_head_json":{"title":"Porcelain sample set Ponta Three pieces - Restatrade","robots":{"index":"index","follow":"follow","max-snippet":"max-snippet:-1","max-image-preview":"max-image-preview:large","max-video-preview":"max-video-preview:-1"},"canonical":"https:\/\/www.restatrade.ee\/product\/porcelain-sample-set-ponta-three-pieces\/","twitter_card":"summary_large_image","twitter_title":"Porcelain sample set Ponta Three pieces - Restatrade","twitter_description":"Use our sample service. The following samples are included: Flat plate, \u00d8 20.5 cm Flat plate, \u00d8 24.5 cm Deep plate, \u00d8 20 cm Sample items require a deposit but this will be refunded if the samples are not what you are looking for. Please get in touch with our customer service team for more&hellip; Continue reading Porcelain sample set Ponta Three pieces","twitter_image":"https:\/\/www.restatrade.ee\/wp-content\/uploads\/2023\/11\/9858e63f9dba6e8e3ed0bbc69a46956d.jpeg","schema":{"@context":"https:\/\/schema.org","@graph":[{"@type":"WebPage","@id":"https:\/\/www.restatrade.ee\/product\/porcelain-sample-set-ponta-three-pieces\/","url":"https:\/\/www.restatrade.ee\/product\/porcelain-sample-set-ponta-three-pieces\/","name":"Porcelain sample set Ponta Three pieces - Restatrade","isPartOf":{"@id":"https:\/\/www.restatrade.ee\/#website"},"primaryImageOfPage":{"@id":"https:\/\/www.restatrade.ee\/product\/porcelain-sample-set-ponta-three-pieces\/#primaryimage"},"image":{"@id":"https:\/\/www.restatrade.ee\/product\/porcelain-sample-set-ponta-three-pieces\/#primaryimage"},"thumbnailUrl":"https:\/\/www.restatrade.ee\/wp-content\/uploads\/2023\/11\/9858e63f9dba6e8e3ed0bbc69a46956d.jpeg","datePublished":"2023-10-19T09:50:12+00:00","dateModified":"2025-09-25T13:31:19+00:00","breadcrumb":{"@id":"https:\/\/www.restatrade.ee\/product\/porcelain-sample-set-ponta-three-pieces\/#breadcrumb"},"inLanguage":"en-US","potentialAction":[{"@type":"ReadAction","target":["https:\/\/www.restatrade.ee\/product\/porcelain-sample-set-ponta-three-pieces\/"]}]},{"@type":"ImageObject","inLanguage":"en-US","@id":"https:\/\/www.restatrade.ee\/product\/porcelain-sample-set-ponta-three-pieces\/#primaryimage","url":"https:\/\/www.restatrade.ee\/wp-content\/uploads\/2023\/11\/9858e63f9dba6e8e3ed0bbc69a46956d.jpeg","contentUrl":"https:\/\/www.restatrade.ee\/wp-content\/uploads\/2023\/11\/9858e63f9dba6e8e3ed0bbc69a46956d.jpeg","width":1500,"height":1500},{"@type":"BreadcrumbList","@id":"https:\/\/www.restatrade.ee\/product\/porcelain-sample-set-ponta-three-pieces\/#breadcrumb","itemListElement":[{"@type":"ListItem","position":1,"name":"Home","item":"https:\/\/www.restatrade.ee\/en\/"},{"@type":"ListItem","position":2,"name":"Shop","item":"https:\/\/www.restatrade.ee\/en\/shop\/"},{"@type":"ListItem","position":3,"name":"Porcelain sample set Ponta Three pieces"}]},{"@type":"WebSite","@id":"https:\/\/www.restatrade.ee\/#website","url":"https:\/\/www.restatrade.ee\/","name":"Restatrade","description":"30 aastat HoReCa sektori k\u00f6\u00f6kide ja saalide varustamist","publisher":{"@id":"https:\/\/www.restatrade.ee\/#organization"},"potentialAction":[{"@type":"SearchAction","target":{"@type":"EntryPoint","urlTemplate":"https:\/\/www.restatrade.ee\/?s={search_term_string}"},"query-input":{"@type":"PropertyValueSpecification","valueRequired":true,"valueName":"search_term_string"}}],"inLanguage":"en-US"},{"@type":"Organization","@id":"https:\/\/www.restatrade.ee\/#organization","name":"Restatrade","url":"https:\/\/www.restatrade.ee\/","logo":{"@type":"ImageObject","inLanguage":"en-US","@id":"https:\/\/www.restatrade.ee\/#\/schema\/logo\/image\/","url":"https:\/\/www.restatrade.ee\/wp-content\/uploads\/2022\/08\/logo.svg","contentUrl":"https:\/\/www.restatrade.ee\/wp-content\/uploads\/2022\/08\/logo.svg","caption":"Restatrade"},"image":{"@id":"https:\/\/www.restatrade.ee\/#\/schema\/logo\/image\/"}}]}},"_links":{"self":[{"href":"https:\/\/www.restatrade.ee\/en\/wp-json\/wp\/v2\/product\/170953","targetHints":{"allow":["GET"]}}],"collection":[{"href":"https:\/\/www.restatrade.ee\/en\/wp-json\/wp\/v2\/product"}],"about":[{"href":"https:\/\/www.restatrade.ee\/en\/wp-json\/wp\/v2\/types\/product"}],"replies":[{"embeddable":true,"href":"https:\/\/www.restatrade.ee\/en\/wp-json\/wp\/v2\/comments?post=170953"}],"wp:featuredmedia":[{"embeddable":true,"href":"https:\/\/www.restatrade.ee\/en\/wp-json\/wp\/v2\/media\/174744"}],"wp:attachment":[{"href":"https:\/\/www.restatrade.ee\/en\/wp-json\/wp\/v2\/media?parent=170953"}],"wp:term":[{"taxonomy":"product_brand","embeddable":true,"href":"https:\/\/www.restatrade.ee\/en\/wp-json\/wp\/v2\/product_brand?post=170953"},{"taxonomy":"product_cat","embeddable":true,"href":"https:\/\/www.restatrade.ee\/en\/wp-json\/wp\/v2\/product_cat?post=170953"},{"taxonomy":"product_tag","embeddable":true,"href":"https:\/\/www.restatrade.ee\/en\/wp-json\/wp\/v2\/product_tag?post=170953"}],"curies":[{"name":"wp","href":"https:\/\/api.w.org\/{rel}","templated":true}]}}