{"id":255906,"date":"2025-10-13T12:20:42","date_gmt":"2025-10-13T12:20:42","guid":{"rendered":"https:\/\/www.restatrade.ee\/product\/sample-set-opus-6-piece\/"},"modified":"2025-10-13T12:30:21","modified_gmt":"2025-10-13T12:30:21","slug":"sample-set-opus-6-piece","status":"publish","type":"product","link":"https:\/\/www.restatrade.ee\/en\/product\/sample-set-opus-6-piece\/","title":{"rendered":"Sample set Opus 6-piece"},"content":{"rendered":"<p>Use our sample service. The following samples are included: Flat plate \u00d8 26.8 cm Deep plate \u00d8 19 cm Organic flat plate 21.2&#215;15.6 cm Bowl round \u00d8 15 cm Coffee cup 0.23 l Coffee saucer \u00d8 15.5 cm Sample items are priced with a nominal charge, if you are not satisfied we will refund the nominal charge. Please contact our customer service.<\/p>\n","protected":false},"excerpt":{"rendered":"<p>Use our sample service. The following samples are included: Flat plate \u00d8 26.8 cm Deep plate \u00d8 19 cm Organic flat plate 21.2&#215;15.6 cm Bowl round \u00d8 15 cm Coffee cup 0.23 l Coffee saucer \u00d8 15.5 cm Sample items are priced with a nominal charge, if you are not satisfied we will refund the&hellip; <a class=\"more-link\" href=\"https:\/\/www.restatrade.ee\/en\/product\/sample-set-opus-6-piece\/\">Continue reading <span class=\"screen-reader-text\">Sample set Opus 6-piece<\/span><\/a><\/p>\n","protected":false},"featured_media":255908,"comment_status":"closed","ping_status":"open","template":"","meta":{"_acf_changed":false},"product_brand":[],"product_cat":[22884],"product_tag":[],"class_list":{"0":"post-255906","1":"product","2":"type-product","3":"status-publish","4":"has-post-thumbnail","6":"product_cat-uncategorized","7":"pa_color-ivory","8":"entry","10":"first","11":"instock","12":"taxable","13":"shipping-taxable","14":"purchasable","15":"product-type-variable","16":"has-default-attributes"},"acf":[],"yoast_head":"<!-- This site is optimized with the Yoast SEO plugin v27.0 - https:\/\/yoast.com\/product\/yoast-seo-wordpress\/ -->\n<title>Sample set Opus 6-piece - Restatrade<\/title>\n<meta name=\"robots\" content=\"index, follow, max-snippet:-1, max-image-preview:large, max-video-preview:-1\" \/>\n<link rel=\"canonical\" href=\"https:\/\/www.restatrade.ee\/product\/sample-set-opus-6-piece\/\" \/>\n<meta name=\"twitter:card\" content=\"summary_large_image\" \/>\n<meta name=\"twitter:title\" content=\"Sample set Opus 6-piece - Restatrade\" \/>\n<meta name=\"twitter:description\" content=\"Use our sample service. The following samples are included: Flat plate \u00d8 26.8 cm Deep plate \u00d8 19 cm Organic flat plate 21.2&#215;15.6 cm Bowl round \u00d8 15 cm Coffee cup 0.23 l Coffee saucer \u00d8 15.5 cm Sample items are priced with a nominal charge, if you are not satisfied we will refund the&hellip; Continue reading Sample set Opus 6-piece\" \/>\n<meta name=\"twitter:image\" content=\"https:\/\/www.restatrade.ee\/wp-content\/uploads\/2025\/10\/083890cd294822482c9eb90c52ae34f6.jpeg\" \/>\n<script type=\"application\/ld+json\" class=\"yoast-schema-graph\">{\"@context\":\"https:\/\/schema.org\",\"@graph\":[{\"@type\":\"WebPage\",\"@id\":\"https:\/\/www.restatrade.ee\/product\/sample-set-opus-6-piece\/\",\"url\":\"https:\/\/www.restatrade.ee\/product\/sample-set-opus-6-piece\/\",\"name\":\"Sample set Opus 6-piece - Restatrade\",\"isPartOf\":{\"@id\":\"https:\/\/www.restatrade.ee\/#website\"},\"primaryImageOfPage\":{\"@id\":\"https:\/\/www.restatrade.ee\/product\/sample-set-opus-6-piece\/#primaryimage\"},\"image\":{\"@id\":\"https:\/\/www.restatrade.ee\/product\/sample-set-opus-6-piece\/#primaryimage\"},\"thumbnailUrl\":\"https:\/\/www.restatrade.ee\/wp-content\/uploads\/2025\/10\/083890cd294822482c9eb90c52ae34f6.jpeg\",\"datePublished\":\"2025-10-13T12:20:42+00:00\",\"dateModified\":\"2025-10-13T12:30:21+00:00\",\"breadcrumb\":{\"@id\":\"https:\/\/www.restatrade.ee\/product\/sample-set-opus-6-piece\/#breadcrumb\"},\"inLanguage\":\"en-US\",\"potentialAction\":[{\"@type\":\"ReadAction\",\"target\":[\"https:\/\/www.restatrade.ee\/product\/sample-set-opus-6-piece\/\"]}]},{\"@type\":\"ImageObject\",\"inLanguage\":\"en-US\",\"@id\":\"https:\/\/www.restatrade.ee\/product\/sample-set-opus-6-piece\/#primaryimage\",\"url\":\"https:\/\/www.restatrade.ee\/wp-content\/uploads\/2025\/10\/083890cd294822482c9eb90c52ae34f6.jpeg\",\"contentUrl\":\"https:\/\/www.restatrade.ee\/wp-content\/uploads\/2025\/10\/083890cd294822482c9eb90c52ae34f6.jpeg\",\"width\":1500,\"height\":1000},{\"@type\":\"BreadcrumbList\",\"@id\":\"https:\/\/www.restatrade.ee\/product\/sample-set-opus-6-piece\/#breadcrumb\",\"itemListElement\":[{\"@type\":\"ListItem\",\"position\":1,\"name\":\"Home\",\"item\":\"https:\/\/www.restatrade.ee\/en\/\"},{\"@type\":\"ListItem\",\"position\":2,\"name\":\"Shop\",\"item\":\"https:\/\/www.restatrade.ee\/en\/shop\/\"},{\"@type\":\"ListItem\",\"position\":3,\"name\":\"Sample set Opus 6-piece\"}]},{\"@type\":\"WebSite\",\"@id\":\"https:\/\/www.restatrade.ee\/#website\",\"url\":\"https:\/\/www.restatrade.ee\/\",\"name\":\"Restatrade\",\"description\":\"30 aastat HoReCa sektori k\u00f6\u00f6kide ja saalide varustamist\",\"publisher\":{\"@id\":\"https:\/\/www.restatrade.ee\/#organization\"},\"potentialAction\":[{\"@type\":\"SearchAction\",\"target\":{\"@type\":\"EntryPoint\",\"urlTemplate\":\"https:\/\/www.restatrade.ee\/?s={search_term_string}\"},\"query-input\":{\"@type\":\"PropertyValueSpecification\",\"valueRequired\":true,\"valueName\":\"search_term_string\"}}],\"inLanguage\":\"en-US\"},{\"@type\":\"Organization\",\"@id\":\"https:\/\/www.restatrade.ee\/#organization\",\"name\":\"Restatrade\",\"url\":\"https:\/\/www.restatrade.ee\/\",\"logo\":{\"@type\":\"ImageObject\",\"inLanguage\":\"en-US\",\"@id\":\"https:\/\/www.restatrade.ee\/#\/schema\/logo\/image\/\",\"url\":\"https:\/\/www.restatrade.ee\/wp-content\/uploads\/2022\/08\/logo.svg\",\"contentUrl\":\"https:\/\/www.restatrade.ee\/wp-content\/uploads\/2022\/08\/logo.svg\",\"caption\":\"Restatrade\"},\"image\":{\"@id\":\"https:\/\/www.restatrade.ee\/#\/schema\/logo\/image\/\"}}]}<\/script>\n<!-- \/ Yoast SEO plugin. -->","yoast_head_json":{"title":"Sample set Opus 6-piece - Restatrade","robots":{"index":"index","follow":"follow","max-snippet":"max-snippet:-1","max-image-preview":"max-image-preview:large","max-video-preview":"max-video-preview:-1"},"canonical":"https:\/\/www.restatrade.ee\/product\/sample-set-opus-6-piece\/","twitter_card":"summary_large_image","twitter_title":"Sample set Opus 6-piece - Restatrade","twitter_description":"Use our sample service. The following samples are included: Flat plate \u00d8 26.8 cm Deep plate \u00d8 19 cm Organic flat plate 21.2&#215;15.6 cm Bowl round \u00d8 15 cm Coffee cup 0.23 l Coffee saucer \u00d8 15.5 cm Sample items are priced with a nominal charge, if you are not satisfied we will refund the&hellip; Continue reading Sample set Opus 6-piece","twitter_image":"https:\/\/www.restatrade.ee\/wp-content\/uploads\/2025\/10\/083890cd294822482c9eb90c52ae34f6.jpeg","schema":{"@context":"https:\/\/schema.org","@graph":[{"@type":"WebPage","@id":"https:\/\/www.restatrade.ee\/product\/sample-set-opus-6-piece\/","url":"https:\/\/www.restatrade.ee\/product\/sample-set-opus-6-piece\/","name":"Sample set Opus 6-piece - Restatrade","isPartOf":{"@id":"https:\/\/www.restatrade.ee\/#website"},"primaryImageOfPage":{"@id":"https:\/\/www.restatrade.ee\/product\/sample-set-opus-6-piece\/#primaryimage"},"image":{"@id":"https:\/\/www.restatrade.ee\/product\/sample-set-opus-6-piece\/#primaryimage"},"thumbnailUrl":"https:\/\/www.restatrade.ee\/wp-content\/uploads\/2025\/10\/083890cd294822482c9eb90c52ae34f6.jpeg","datePublished":"2025-10-13T12:20:42+00:00","dateModified":"2025-10-13T12:30:21+00:00","breadcrumb":{"@id":"https:\/\/www.restatrade.ee\/product\/sample-set-opus-6-piece\/#breadcrumb"},"inLanguage":"en-US","potentialAction":[{"@type":"ReadAction","target":["https:\/\/www.restatrade.ee\/product\/sample-set-opus-6-piece\/"]}]},{"@type":"ImageObject","inLanguage":"en-US","@id":"https:\/\/www.restatrade.ee\/product\/sample-set-opus-6-piece\/#primaryimage","url":"https:\/\/www.restatrade.ee\/wp-content\/uploads\/2025\/10\/083890cd294822482c9eb90c52ae34f6.jpeg","contentUrl":"https:\/\/www.restatrade.ee\/wp-content\/uploads\/2025\/10\/083890cd294822482c9eb90c52ae34f6.jpeg","width":1500,"height":1000},{"@type":"BreadcrumbList","@id":"https:\/\/www.restatrade.ee\/product\/sample-set-opus-6-piece\/#breadcrumb","itemListElement":[{"@type":"ListItem","position":1,"name":"Home","item":"https:\/\/www.restatrade.ee\/en\/"},{"@type":"ListItem","position":2,"name":"Shop","item":"https:\/\/www.restatrade.ee\/en\/shop\/"},{"@type":"ListItem","position":3,"name":"Sample set Opus 6-piece"}]},{"@type":"WebSite","@id":"https:\/\/www.restatrade.ee\/#website","url":"https:\/\/www.restatrade.ee\/","name":"Restatrade","description":"30 aastat HoReCa sektori k\u00f6\u00f6kide ja saalide varustamist","publisher":{"@id":"https:\/\/www.restatrade.ee\/#organization"},"potentialAction":[{"@type":"SearchAction","target":{"@type":"EntryPoint","urlTemplate":"https:\/\/www.restatrade.ee\/?s={search_term_string}"},"query-input":{"@type":"PropertyValueSpecification","valueRequired":true,"valueName":"search_term_string"}}],"inLanguage":"en-US"},{"@type":"Organization","@id":"https:\/\/www.restatrade.ee\/#organization","name":"Restatrade","url":"https:\/\/www.restatrade.ee\/","logo":{"@type":"ImageObject","inLanguage":"en-US","@id":"https:\/\/www.restatrade.ee\/#\/schema\/logo\/image\/","url":"https:\/\/www.restatrade.ee\/wp-content\/uploads\/2022\/08\/logo.svg","contentUrl":"https:\/\/www.restatrade.ee\/wp-content\/uploads\/2022\/08\/logo.svg","caption":"Restatrade"},"image":{"@id":"https:\/\/www.restatrade.ee\/#\/schema\/logo\/image\/"}}]}},"_links":{"self":[{"href":"https:\/\/www.restatrade.ee\/en\/wp-json\/wp\/v2\/product\/255906","targetHints":{"allow":["GET"]}}],"collection":[{"href":"https:\/\/www.restatrade.ee\/en\/wp-json\/wp\/v2\/product"}],"about":[{"href":"https:\/\/www.restatrade.ee\/en\/wp-json\/wp\/v2\/types\/product"}],"replies":[{"embeddable":true,"href":"https:\/\/www.restatrade.ee\/en\/wp-json\/wp\/v2\/comments?post=255906"}],"wp:featuredmedia":[{"embeddable":true,"href":"https:\/\/www.restatrade.ee\/en\/wp-json\/wp\/v2\/media\/255908"}],"wp:attachment":[{"href":"https:\/\/www.restatrade.ee\/en\/wp-json\/wp\/v2\/media?parent=255906"}],"wp:term":[{"taxonomy":"product_brand","embeddable":true,"href":"https:\/\/www.restatrade.ee\/en\/wp-json\/wp\/v2\/product_brand?post=255906"},{"taxonomy":"product_cat","embeddable":true,"href":"https:\/\/www.restatrade.ee\/en\/wp-json\/wp\/v2\/product_cat?post=255906"},{"taxonomy":"product_tag","embeddable":true,"href":"https:\/\/www.restatrade.ee\/en\/wp-json\/wp\/v2\/product_tag?post=255906"}],"curies":[{"name":"wp","href":"https:\/\/api.w.org\/{rel}","templated":true}]}}